{"id":770,"date":"2025-06-15T22:40:28","date_gmt":"2025-06-16T03:40:28","guid":{"rendered":"https:\/\/qebelabeauty.com\/?post_type=product&#038;p=770"},"modified":"2025-11-23T21:56:00","modified_gmt":"2025-11-24T02:56:00","slug":"capissen-kit-anticaida","status":"publish","type":"product","link":"https:\/\/qebelabeauty.com\/index.php\/producto\/capissen-kit-anticaida\/","title":{"rendered":"Capissen Kit Antica\u00edda"},"content":{"rendered":"<p><strong>Estimula el Crecimiento del Cabello<\/strong><\/p>\n<p>Nuestro pack incluye shampoo, loci\u00f3n y derma roller para estimular el crecimiento del cabello. Esta combinaci\u00f3n est\u00e1 dise\u00f1ada para revitalizar tu cuero cabelludo y promover un cabello m\u00e1s fuerte y saludable desde la ra\u00edz.<\/p>\n<p><strong>Fortalece la Fibra Capilar<\/strong><\/p>\n<p>Al utilizar nuestro producto, experimentar\u00e1s un fortalecimiento notable de la fibra capilar. Esto se traduce en un cabello m\u00e1s resistente y menos propenso a la rotura, permiti\u00e9ndote disfrutar de una melena abundante y llena de vida.<\/p>\n<p><strong>Resultados Visibles en Poco Tiempo<\/strong><\/p>\n<p>Transforma tu rutina capilar y recup\u00e9rate la densidad, fuerza y vitalidad de tu cabello. Con resultados que se notan en cada aplicaci\u00f3n, \u00a1es momento de redescubrir tu cabello!<\/p>\n","protected":false},"excerpt":{"rendered":"<p>Con shampoo, loci\u00f3n y derma roller, estimula el crecimiento, fortalece la fibra capilar y revitaliza tu cuero cabelludo.<\/p>\n<p>Transforma tu rutina capilar y recupera la densidad, fuerza y vitalidad de tu cabello. \u00a1Resultados que se notan!<\/p>\n","protected":false},"featured_media":771,"comment_status":"open","ping_status":"closed","template":"","meta":[],"product_brand":[27],"product_cat":[23],"product_tag":[],"class_list":{"0":"post-770","1":"product","2":"type-product","3":"status-publish","4":"has-post-thumbnail","6":"product_brand-neurone","7":"product_cat-tratamientos","9":"first","10":"outofstock","11":"purchasable","12":"product-type-simple"},"yoast_head":"<!-- This site is optimized with the Yoast SEO plugin v26.2 - https:\/\/yoast.com\/wordpress\/plugins\/seo\/ -->\n<title>Capissen Kit Antica\u00edda - Qe bela<\/title>\n<meta name=\"robots\" content=\"index, follow, max-snippet:-1, max-image-preview:large, max-video-preview:-1\" \/>\n<link rel=\"canonical\" href=\"https:\/\/qebelabeauty.com\/index.php\/producto\/capissen-kit-anticaida\/\" \/>\n<meta property=\"og:locale\" content=\"es_ES\" \/>\n<meta property=\"og:type\" content=\"article\" \/>\n<meta property=\"og:title\" content=\"Capissen Kit Antica\u00edda - Qe bela\" \/>\n<meta property=\"og:description\" content=\"Con shampoo, loci\u00f3n y derma roller, estimula el crecimiento, fortalece la fibra capilar y revitaliza tu cuero cabelludo.  Transforma tu rutina capilar y recupera la densidad, fuerza y vitalidad de tu cabello. \u00a1Resultados que se notan!\" \/>\n<meta property=\"og:url\" content=\"https:\/\/qebelabeauty.com\/index.php\/producto\/capissen-kit-anticaida\/\" \/>\n<meta property=\"og:site_name\" content=\"Qe bela\" \/>\n<meta property=\"article:modified_time\" content=\"2025-11-24T02:56:00+00:00\" \/>\n<meta property=\"og:image\" content=\"https:\/\/qebelabeauty.com\/wp-content\/uploads\/2025\/06\/kit-capissen-1.webp\" \/>\n\t<meta property=\"og:image:width\" content=\"800\" \/>\n\t<meta property=\"og:image:height\" content=\"800\" \/>\n\t<meta property=\"og:image:type\" content=\"image\/webp\" \/>\n<meta name=\"twitter:card\" content=\"summary_large_image\" \/>\n<meta name=\"twitter:label1\" content=\"Tiempo de lectura\" \/>\n\t<meta name=\"twitter:data1\" content=\"1 minuto\" \/>\n<script type=\"application\/ld+json\" class=\"yoast-schema-graph\">{\"@context\":\"https:\/\/schema.org\",\"@graph\":[{\"@type\":\"WebPage\",\"@id\":\"https:\/\/qebelabeauty.com\/index.php\/producto\/capissen-kit-anticaida\/\",\"url\":\"https:\/\/qebelabeauty.com\/index.php\/producto\/capissen-kit-anticaida\/\",\"name\":\"Capissen Kit Antica\u00edda - Qe bela\",\"isPartOf\":{\"@id\":\"https:\/\/qebelabeauty.com\/#website\"},\"primaryImageOfPage\":{\"@id\":\"https:\/\/qebelabeauty.com\/index.php\/producto\/capissen-kit-anticaida\/#primaryimage\"},\"image\":{\"@id\":\"https:\/\/qebelabeauty.com\/index.php\/producto\/capissen-kit-anticaida\/#primaryimage\"},\"thumbnailUrl\":\"https:\/\/qebelabeauty.com\/wp-content\/uploads\/2025\/06\/kit-capissen-1.webp\",\"datePublished\":\"2025-06-16T03:40:28+00:00\",\"dateModified\":\"2025-11-24T02:56:00+00:00\",\"breadcrumb\":{\"@id\":\"https:\/\/qebelabeauty.com\/index.php\/producto\/capissen-kit-anticaida\/#breadcrumb\"},\"inLanguage\":\"es\",\"potentialAction\":[{\"@type\":\"ReadAction\",\"target\":[\"https:\/\/qebelabeauty.com\/index.php\/producto\/capissen-kit-anticaida\/\"]}]},{\"@type\":\"ImageObject\",\"inLanguage\":\"es\",\"@id\":\"https:\/\/qebelabeauty.com\/index.php\/producto\/capissen-kit-anticaida\/#primaryimage\",\"url\":\"https:\/\/qebelabeauty.com\/wp-content\/uploads\/2025\/06\/kit-capissen-1.webp\",\"contentUrl\":\"https:\/\/qebelabeauty.com\/wp-content\/uploads\/2025\/06\/kit-capissen-1.webp\",\"width\":800,\"height\":800},{\"@type\":\"BreadcrumbList\",\"@id\":\"https:\/\/qebelabeauty.com\/index.php\/producto\/capissen-kit-anticaida\/#breadcrumb\",\"itemListElement\":[{\"@type\":\"ListItem\",\"position\":1,\"name\":\"Portada\",\"item\":\"https:\/\/qebelabeauty.com\/\"},{\"@type\":\"ListItem\",\"position\":2,\"name\":\"Tiendita\",\"item\":\"https:\/\/qebelabeauty.com\/index.php\/tienda-2\/\"},{\"@type\":\"ListItem\",\"position\":3,\"name\":\"Capissen Kit Antica\u00edda\"}]},{\"@type\":\"WebSite\",\"@id\":\"https:\/\/qebelabeauty.com\/#website\",\"url\":\"https:\/\/qebelabeauty.com\/\",\"name\":\"Qe bela\",\"description\":\"\",\"publisher\":{\"@id\":\"https:\/\/qebelabeauty.com\/#organization\"},\"potentialAction\":[{\"@type\":\"SearchAction\",\"target\":{\"@type\":\"EntryPoint\",\"urlTemplate\":\"https:\/\/qebelabeauty.com\/?s={search_term_string}\"},\"query-input\":{\"@type\":\"PropertyValueSpecification\",\"valueRequired\":true,\"valueName\":\"search_term_string\"}}],\"inLanguage\":\"es\"},{\"@type\":\"Organization\",\"@id\":\"https:\/\/qebelabeauty.com\/#organization\",\"name\":\"Qe bela\",\"url\":\"https:\/\/qebelabeauty.com\/\",\"logo\":{\"@type\":\"ImageObject\",\"inLanguage\":\"es\",\"@id\":\"https:\/\/qebelabeauty.com\/#\/schema\/logo\/image\/\",\"url\":\"https:\/\/qebelabeauty.com\/wp-content\/uploads\/2025\/06\/cropped-Logo-Qe-Bela-PNG-e1749710723798.png\",\"contentUrl\":\"https:\/\/qebelabeauty.com\/wp-content\/uploads\/2025\/06\/cropped-Logo-Qe-Bela-PNG-e1749710723798.png\",\"width\":525,\"height\":326,\"caption\":\"Qe bela\"},\"image\":{\"@id\":\"https:\/\/qebelabeauty.com\/#\/schema\/logo\/image\/\"}}]}<\/script>\n<!-- \/ Yoast SEO plugin. -->","yoast_head_json":{"title":"Capissen Kit Antica\u00edda - Qe bela","robots":{"index":"index","follow":"follow","max-snippet":"max-snippet:-1","max-image-preview":"max-image-preview:large","max-video-preview":"max-video-preview:-1"},"canonical":"https:\/\/qebelabeauty.com\/index.php\/producto\/capissen-kit-anticaida\/","og_locale":"es_ES","og_type":"article","og_title":"Capissen Kit Antica\u00edda - Qe bela","og_description":"Con shampoo, loci\u00f3n y derma roller, estimula el crecimiento, fortalece la fibra capilar y revitaliza tu cuero cabelludo.  Transforma tu rutina capilar y recupera la densidad, fuerza y vitalidad de tu cabello. \u00a1Resultados que se notan!","og_url":"https:\/\/qebelabeauty.com\/index.php\/producto\/capissen-kit-anticaida\/","og_site_name":"Qe bela","article_modified_time":"2025-11-24T02:56:00+00:00","og_image":[{"width":800,"height":800,"url":"https:\/\/qebelabeauty.com\/wp-content\/uploads\/2025\/06\/kit-capissen-1.webp","type":"image\/webp"}],"twitter_card":"summary_large_image","twitter_misc":{"Tiempo de lectura":"1 minuto"},"schema":{"@context":"https:\/\/schema.org","@graph":[{"@type":"WebPage","@id":"https:\/\/qebelabeauty.com\/index.php\/producto\/capissen-kit-anticaida\/","url":"https:\/\/qebelabeauty.com\/index.php\/producto\/capissen-kit-anticaida\/","name":"Capissen Kit Antica\u00edda - Qe bela","isPartOf":{"@id":"https:\/\/qebelabeauty.com\/#website"},"primaryImageOfPage":{"@id":"https:\/\/qebelabeauty.com\/index.php\/producto\/capissen-kit-anticaida\/#primaryimage"},"image":{"@id":"https:\/\/qebelabeauty.com\/index.php\/producto\/capissen-kit-anticaida\/#primaryimage"},"thumbnailUrl":"https:\/\/qebelabeauty.com\/wp-content\/uploads\/2025\/06\/kit-capissen-1.webp","datePublished":"2025-06-16T03:40:28+00:00","dateModified":"2025-11-24T02:56:00+00:00","breadcrumb":{"@id":"https:\/\/qebelabeauty.com\/index.php\/producto\/capissen-kit-anticaida\/#breadcrumb"},"inLanguage":"es","potentialAction":[{"@type":"ReadAction","target":["https:\/\/qebelabeauty.com\/index.php\/producto\/capissen-kit-anticaida\/"]}]},{"@type":"ImageObject","inLanguage":"es","@id":"https:\/\/qebelabeauty.com\/index.php\/producto\/capissen-kit-anticaida\/#primaryimage","url":"https:\/\/qebelabeauty.com\/wp-content\/uploads\/2025\/06\/kit-capissen-1.webp","contentUrl":"https:\/\/qebelabeauty.com\/wp-content\/uploads\/2025\/06\/kit-capissen-1.webp","width":800,"height":800},{"@type":"BreadcrumbList","@id":"https:\/\/qebelabeauty.com\/index.php\/producto\/capissen-kit-anticaida\/#breadcrumb","itemListElement":[{"@type":"ListItem","position":1,"name":"Portada","item":"https:\/\/qebelabeauty.com\/"},{"@type":"ListItem","position":2,"name":"Tiendita","item":"https:\/\/qebelabeauty.com\/index.php\/tienda-2\/"},{"@type":"ListItem","position":3,"name":"Capissen Kit Antica\u00edda"}]},{"@type":"WebSite","@id":"https:\/\/qebelabeauty.com\/#website","url":"https:\/\/qebelabeauty.com\/","name":"Qe bela","description":"","publisher":{"@id":"https:\/\/qebelabeauty.com\/#organization"},"potentialAction":[{"@type":"SearchAction","target":{"@type":"EntryPoint","urlTemplate":"https:\/\/qebelabeauty.com\/?s={search_term_string}"},"query-input":{"@type":"PropertyValueSpecification","valueRequired":true,"valueName":"search_term_string"}}],"inLanguage":"es"},{"@type":"Organization","@id":"https:\/\/qebelabeauty.com\/#organization","name":"Qe bela","url":"https:\/\/qebelabeauty.com\/","logo":{"@type":"ImageObject","inLanguage":"es","@id":"https:\/\/qebelabeauty.com\/#\/schema\/logo\/image\/","url":"https:\/\/qebelabeauty.com\/wp-content\/uploads\/2025\/06\/cropped-Logo-Qe-Bela-PNG-e1749710723798.png","contentUrl":"https:\/\/qebelabeauty.com\/wp-content\/uploads\/2025\/06\/cropped-Logo-Qe-Bela-PNG-e1749710723798.png","width":525,"height":326,"caption":"Qe bela"},"image":{"@id":"https:\/\/qebelabeauty.com\/#\/schema\/logo\/image\/"}}]}},"jetpack_sharing_enabled":true,"_links":{"self":[{"href":"https:\/\/qebelabeauty.com\/index.php\/wp-json\/wp\/v2\/product\/770","targetHints":{"allow":["GET"]}}],"collection":[{"href":"https:\/\/qebelabeauty.com\/index.php\/wp-json\/wp\/v2\/product"}],"about":[{"href":"https:\/\/qebelabeauty.com\/index.php\/wp-json\/wp\/v2\/types\/product"}],"replies":[{"embeddable":true,"href":"https:\/\/qebelabeauty.com\/index.php\/wp-json\/wp\/v2\/comments?post=770"}],"wp:featuredmedia":[{"embeddable":true,"href":"https:\/\/qebelabeauty.com\/index.php\/wp-json\/wp\/v2\/media\/771"}],"wp:attachment":[{"href":"https:\/\/qebelabeauty.com\/index.php\/wp-json\/wp\/v2\/media?parent=770"}],"wp:term":[{"taxonomy":"product_brand","embeddable":true,"href":"https:\/\/qebelabeauty.com\/index.php\/wp-json\/wp\/v2\/product_brand?post=770"},{"taxonomy":"product_cat","embeddable":true,"href":"https:\/\/qebelabeauty.com\/index.php\/wp-json\/wp\/v2\/product_cat?post=770"},{"taxonomy":"product_tag","embeddable":true,"href":"https:\/\/qebelabeauty.com\/index.php\/wp-json\/wp\/v2\/product_tag?post=770"}],"curies":[{"name":"wp","href":"https:\/\/api.w.org\/{rel}","templated":true}]}}