{"id":760,"date":"2025-06-15T21:58:37","date_gmt":"2025-06-16T02:58:37","guid":{"rendered":"https:\/\/qebelabeauty.com\/?post_type=product&#038;p=760"},"modified":"2025-07-17T19:47:04","modified_gmt":"2025-07-18T00:47:04","slug":"revenant-color-cacao","status":"publish","type":"product","link":"https:\/\/qebelabeauty.com\/index.php\/producto\/revenant-color-cacao\/","title":{"rendered":"Revenant Color Cacao"},"content":{"rendered":"<p><strong>\u00bfQu\u00e9 es la Mascarilla Nutritiva de Color Semipermanente?<\/strong><\/p>\n<p>La mascarilla nutritiva de color semipermanente es un producto innovador que no solo realza el tono de color existente, sino que tambi\u00e9n intensifica los reflejos. Su formulaci\u00f3n \u00fanica proporciona un acabado sedoso y una luminosidad extraordinaria al cabello.<\/p>\n<p><strong>Beneficios y Personalizaci\u00f3n<\/strong><\/p>\n<p>Una de las caracter\u00edsticas m\u00e1s destacadas de esta mascarilla es su capacidad de intermezclar colores. Esto permite a los coloristas personalizar y crear nuevas tonalidades seg\u00fan las preferencias individuales, haciendo de este producto una herramienta fundamental en el mundo del color.<\/p>\n<p><strong>Correcci\u00f3n de Matices<\/strong><\/p>\n<p>Adem\u00e1s, con la mascarilla nutritiva de color semipermanente se pueden corregir matices indeseados, logrando la tonalidad e intensidad deseada. As\u00ed, tu cabello no solo lucir\u00e1 saludable, sino que tambi\u00e9n tendr\u00e1 el color que siempre has querido.<\/p>\n","protected":false},"excerpt":{"rendered":"<p>Mascarilla nutritiva de color semipermanente que realza el tono de color existente e intensifica reflejos, dando al cabello un aspecto sedoso con gran luminosidad. Los tonos son intermezclables para poder personalizar y crear nuevas tonalidades. Es una herramienta fundamental para el colorista, ya que con REVENANT COLOR se pueden corregir matices y lograr la tonalidad e intensidad deseada.<\/p>\n","protected":false},"featured_media":761,"comment_status":"open","ping_status":"closed","template":"","meta":[],"product_brand":[27],"product_cat":[24],"product_tag":[],"class_list":{"0":"post-760","1":"product","2":"type-product","3":"status-publish","4":"has-post-thumbnail","6":"product_brand-neurone","7":"product_cat-mascarillas","9":"first","10":"instock","11":"purchasable","12":"product-type-simple"},"yoast_head":"<!-- This site is optimized with the Yoast SEO plugin v26.2 - https:\/\/yoast.com\/wordpress\/plugins\/seo\/ -->\n<title>Revenant Color Cacao - Qe bela<\/title>\n<meta name=\"robots\" content=\"index, follow, max-snippet:-1, max-image-preview:large, max-video-preview:-1\" \/>\n<link rel=\"canonical\" href=\"https:\/\/qebelabeauty.com\/index.php\/producto\/revenant-color-cacao\/\" \/>\n<meta property=\"og:locale\" content=\"es_ES\" \/>\n<meta property=\"og:type\" content=\"article\" \/>\n<meta property=\"og:title\" content=\"Revenant Color Cacao - Qe bela\" \/>\n<meta property=\"og:description\" content=\"Mascarilla nutritiva de color semipermanente que realza el tono de color existente e intensifica reflejos, dando al cabello un aspecto sedoso con gran luminosidad. Los tonos son intermezclables para poder personalizar y crear nuevas tonalidades. Es una herramienta fundamental para el colorista, ya que con REVENANT COLOR se pueden corregir matices y lograr la tonalidad e intensidad deseada.\" \/>\n<meta property=\"og:url\" content=\"https:\/\/qebelabeauty.com\/index.php\/producto\/revenant-color-cacao\/\" \/>\n<meta property=\"og:site_name\" content=\"Qe bela\" \/>\n<meta property=\"article:modified_time\" content=\"2025-07-18T00:47:04+00:00\" \/>\n<meta property=\"og:image\" content=\"https:\/\/qebelabeauty.com\/wp-content\/uploads\/2025\/06\/REVENANT-COLOR-CACAO-400-1.webp\" \/>\n\t<meta property=\"og:image:width\" content=\"800\" \/>\n\t<meta property=\"og:image:height\" content=\"800\" \/>\n\t<meta property=\"og:image:type\" content=\"image\/webp\" \/>\n<meta name=\"twitter:card\" content=\"summary_large_image\" \/>\n<meta name=\"twitter:label1\" content=\"Tiempo de lectura\" \/>\n\t<meta name=\"twitter:data1\" content=\"1 minuto\" \/>\n<script type=\"application\/ld+json\" class=\"yoast-schema-graph\">{\"@context\":\"https:\/\/schema.org\",\"@graph\":[{\"@type\":\"WebPage\",\"@id\":\"https:\/\/qebelabeauty.com\/index.php\/producto\/revenant-color-cacao\/\",\"url\":\"https:\/\/qebelabeauty.com\/index.php\/producto\/revenant-color-cacao\/\",\"name\":\"Revenant Color Cacao - Qe bela\",\"isPartOf\":{\"@id\":\"https:\/\/qebelabeauty.com\/#website\"},\"primaryImageOfPage\":{\"@id\":\"https:\/\/qebelabeauty.com\/index.php\/producto\/revenant-color-cacao\/#primaryimage\"},\"image\":{\"@id\":\"https:\/\/qebelabeauty.com\/index.php\/producto\/revenant-color-cacao\/#primaryimage\"},\"thumbnailUrl\":\"https:\/\/qebelabeauty.com\/wp-content\/uploads\/2025\/06\/REVENANT-COLOR-CACAO-400-1.webp\",\"datePublished\":\"2025-06-16T02:58:37+00:00\",\"dateModified\":\"2025-07-18T00:47:04+00:00\",\"breadcrumb\":{\"@id\":\"https:\/\/qebelabeauty.com\/index.php\/producto\/revenant-color-cacao\/#breadcrumb\"},\"inLanguage\":\"es\",\"potentialAction\":[{\"@type\":\"ReadAction\",\"target\":[\"https:\/\/qebelabeauty.com\/index.php\/producto\/revenant-color-cacao\/\"]}]},{\"@type\":\"ImageObject\",\"inLanguage\":\"es\",\"@id\":\"https:\/\/qebelabeauty.com\/index.php\/producto\/revenant-color-cacao\/#primaryimage\",\"url\":\"https:\/\/qebelabeauty.com\/wp-content\/uploads\/2025\/06\/REVENANT-COLOR-CACAO-400-1.webp\",\"contentUrl\":\"https:\/\/qebelabeauty.com\/wp-content\/uploads\/2025\/06\/REVENANT-COLOR-CACAO-400-1.webp\",\"width\":800,\"height\":800},{\"@type\":\"BreadcrumbList\",\"@id\":\"https:\/\/qebelabeauty.com\/index.php\/producto\/revenant-color-cacao\/#breadcrumb\",\"itemListElement\":[{\"@type\":\"ListItem\",\"position\":1,\"name\":\"Portada\",\"item\":\"https:\/\/qebelabeauty.com\/\"},{\"@type\":\"ListItem\",\"position\":2,\"name\":\"Tiendita\",\"item\":\"https:\/\/qebelabeauty.com\/index.php\/tienda-2\/\"},{\"@type\":\"ListItem\",\"position\":3,\"name\":\"Revenant Color Cacao\"}]},{\"@type\":\"WebSite\",\"@id\":\"https:\/\/qebelabeauty.com\/#website\",\"url\":\"https:\/\/qebelabeauty.com\/\",\"name\":\"Qe bela\",\"description\":\"\",\"publisher\":{\"@id\":\"https:\/\/qebelabeauty.com\/#organization\"},\"potentialAction\":[{\"@type\":\"SearchAction\",\"target\":{\"@type\":\"EntryPoint\",\"urlTemplate\":\"https:\/\/qebelabeauty.com\/?s={search_term_string}\"},\"query-input\":{\"@type\":\"PropertyValueSpecification\",\"valueRequired\":true,\"valueName\":\"search_term_string\"}}],\"inLanguage\":\"es\"},{\"@type\":\"Organization\",\"@id\":\"https:\/\/qebelabeauty.com\/#organization\",\"name\":\"Qe bela\",\"url\":\"https:\/\/qebelabeauty.com\/\",\"logo\":{\"@type\":\"ImageObject\",\"inLanguage\":\"es\",\"@id\":\"https:\/\/qebelabeauty.com\/#\/schema\/logo\/image\/\",\"url\":\"https:\/\/qebelabeauty.com\/wp-content\/uploads\/2025\/06\/cropped-Logo-Qe-Bela-PNG-e1749710723798.png\",\"contentUrl\":\"https:\/\/qebelabeauty.com\/wp-content\/uploads\/2025\/06\/cropped-Logo-Qe-Bela-PNG-e1749710723798.png\",\"width\":525,\"height\":326,\"caption\":\"Qe bela\"},\"image\":{\"@id\":\"https:\/\/qebelabeauty.com\/#\/schema\/logo\/image\/\"}}]}<\/script>\n<!-- \/ Yoast SEO plugin. -->","yoast_head_json":{"title":"Revenant Color Cacao - Qe bela","robots":{"index":"index","follow":"follow","max-snippet":"max-snippet:-1","max-image-preview":"max-image-preview:large","max-video-preview":"max-video-preview:-1"},"canonical":"https:\/\/qebelabeauty.com\/index.php\/producto\/revenant-color-cacao\/","og_locale":"es_ES","og_type":"article","og_title":"Revenant Color Cacao - Qe bela","og_description":"Mascarilla nutritiva de color semipermanente que realza el tono de color existente e intensifica reflejos, dando al cabello un aspecto sedoso con gran luminosidad. Los tonos son intermezclables para poder personalizar y crear nuevas tonalidades. Es una herramienta fundamental para el colorista, ya que con REVENANT COLOR se pueden corregir matices y lograr la tonalidad e intensidad deseada.","og_url":"https:\/\/qebelabeauty.com\/index.php\/producto\/revenant-color-cacao\/","og_site_name":"Qe bela","article_modified_time":"2025-07-18T00:47:04+00:00","og_image":[{"width":800,"height":800,"url":"https:\/\/qebelabeauty.com\/wp-content\/uploads\/2025\/06\/REVENANT-COLOR-CACAO-400-1.webp","type":"image\/webp"}],"twitter_card":"summary_large_image","twitter_misc":{"Tiempo de lectura":"1 minuto"},"schema":{"@context":"https:\/\/schema.org","@graph":[{"@type":"WebPage","@id":"https:\/\/qebelabeauty.com\/index.php\/producto\/revenant-color-cacao\/","url":"https:\/\/qebelabeauty.com\/index.php\/producto\/revenant-color-cacao\/","name":"Revenant Color Cacao - Qe bela","isPartOf":{"@id":"https:\/\/qebelabeauty.com\/#website"},"primaryImageOfPage":{"@id":"https:\/\/qebelabeauty.com\/index.php\/producto\/revenant-color-cacao\/#primaryimage"},"image":{"@id":"https:\/\/qebelabeauty.com\/index.php\/producto\/revenant-color-cacao\/#primaryimage"},"thumbnailUrl":"https:\/\/qebelabeauty.com\/wp-content\/uploads\/2025\/06\/REVENANT-COLOR-CACAO-400-1.webp","datePublished":"2025-06-16T02:58:37+00:00","dateModified":"2025-07-18T00:47:04+00:00","breadcrumb":{"@id":"https:\/\/qebelabeauty.com\/index.php\/producto\/revenant-color-cacao\/#breadcrumb"},"inLanguage":"es","potentialAction":[{"@type":"ReadAction","target":["https:\/\/qebelabeauty.com\/index.php\/producto\/revenant-color-cacao\/"]}]},{"@type":"ImageObject","inLanguage":"es","@id":"https:\/\/qebelabeauty.com\/index.php\/producto\/revenant-color-cacao\/#primaryimage","url":"https:\/\/qebelabeauty.com\/wp-content\/uploads\/2025\/06\/REVENANT-COLOR-CACAO-400-1.webp","contentUrl":"https:\/\/qebelabeauty.com\/wp-content\/uploads\/2025\/06\/REVENANT-COLOR-CACAO-400-1.webp","width":800,"height":800},{"@type":"BreadcrumbList","@id":"https:\/\/qebelabeauty.com\/index.php\/producto\/revenant-color-cacao\/#breadcrumb","itemListElement":[{"@type":"ListItem","position":1,"name":"Portada","item":"https:\/\/qebelabeauty.com\/"},{"@type":"ListItem","position":2,"name":"Tiendita","item":"https:\/\/qebelabeauty.com\/index.php\/tienda-2\/"},{"@type":"ListItem","position":3,"name":"Revenant Color Cacao"}]},{"@type":"WebSite","@id":"https:\/\/qebelabeauty.com\/#website","url":"https:\/\/qebelabeauty.com\/","name":"Qe bela","description":"","publisher":{"@id":"https:\/\/qebelabeauty.com\/#organization"},"potentialAction":[{"@type":"SearchAction","target":{"@type":"EntryPoint","urlTemplate":"https:\/\/qebelabeauty.com\/?s={search_term_string}"},"query-input":{"@type":"PropertyValueSpecification","valueRequired":true,"valueName":"search_term_string"}}],"inLanguage":"es"},{"@type":"Organization","@id":"https:\/\/qebelabeauty.com\/#organization","name":"Qe bela","url":"https:\/\/qebelabeauty.com\/","logo":{"@type":"ImageObject","inLanguage":"es","@id":"https:\/\/qebelabeauty.com\/#\/schema\/logo\/image\/","url":"https:\/\/qebelabeauty.com\/wp-content\/uploads\/2025\/06\/cropped-Logo-Qe-Bela-PNG-e1749710723798.png","contentUrl":"https:\/\/qebelabeauty.com\/wp-content\/uploads\/2025\/06\/cropped-Logo-Qe-Bela-PNG-e1749710723798.png","width":525,"height":326,"caption":"Qe bela"},"image":{"@id":"https:\/\/qebelabeauty.com\/#\/schema\/logo\/image\/"}}]}},"jetpack_sharing_enabled":true,"_links":{"self":[{"href":"https:\/\/qebelabeauty.com\/index.php\/wp-json\/wp\/v2\/product\/760","targetHints":{"allow":["GET"]}}],"collection":[{"href":"https:\/\/qebelabeauty.com\/index.php\/wp-json\/wp\/v2\/product"}],"about":[{"href":"https:\/\/qebelabeauty.com\/index.php\/wp-json\/wp\/v2\/types\/product"}],"replies":[{"embeddable":true,"href":"https:\/\/qebelabeauty.com\/index.php\/wp-json\/wp\/v2\/comments?post=760"}],"wp:featuredmedia":[{"embeddable":true,"href":"https:\/\/qebelabeauty.com\/index.php\/wp-json\/wp\/v2\/media\/761"}],"wp:attachment":[{"href":"https:\/\/qebelabeauty.com\/index.php\/wp-json\/wp\/v2\/media?parent=760"}],"wp:term":[{"taxonomy":"product_brand","embeddable":true,"href":"https:\/\/qebelabeauty.com\/index.php\/wp-json\/wp\/v2\/product_brand?post=760"},{"taxonomy":"product_cat","embeddable":true,"href":"https:\/\/qebelabeauty.com\/index.php\/wp-json\/wp\/v2\/product_cat?post=760"},{"taxonomy":"product_tag","embeddable":true,"href":"https:\/\/qebelabeauty.com\/index.php\/wp-json\/wp\/v2\/product_tag?post=760"}],"curies":[{"name":"wp","href":"https:\/\/api.w.org\/{rel}","templated":true}]}}