{"id":758,"date":"2025-06-15T21:55:11","date_gmt":"2025-06-16T02:55:11","guid":{"rendered":"https:\/\/qebelabeauty.com\/?post_type=product&#038;p=758"},"modified":"2026-01-29T12:00:53","modified_gmt":"2026-01-29T17:00:53","slug":"dy-fazza-color","status":"publish","type":"product","link":"https:\/\/qebelabeauty.com\/index.php\/producto\/dy-fazza-color\/","title":{"rendered":"Dy Fazza Color"},"content":{"rendered":"<p><span class=\"fontstyle0\">Tratamiento de 2 fases que se deja puesto, especial para conservar el color del cabello te\u00f1ido. Hidrata, nutre, desenreda, acondiciona y repara el cabello reseco y maltratado. Los componentes de la fase oleosa act\u00faa en el cabello creando un efecto protector contra los da\u00f1os provocados por el medio ambiente, radiaci\u00f3n solar, herramientas de calor (secador) y procesos qu\u00edmicos controlando el frizz y aportando suavidad, manejabilidad y brillo intenso. La fase acuosa est\u00e1 compuestos de elementos nutritivos como: vitaminas, amino\u00e1cidos, prote\u00ednas, oligosac\u00e1ridos y acondicionadores que penetran en la cut\u00edcula, aportando vitalidad, hidrataci\u00f3n, volumen y fuerza. Sus ingredientes neuro cosm\u00e9ticos brindan una sensaci\u00f3n de bienestar y placer.<\/span><\/p>\n<p><strong>Modo de uso:<\/strong><\/p>\n<p><span class=\"fontstyle0\">Agitar el contenido hasta lograr una mezcla homog\u00e9nea. Roc\u00ede sobre un cabello ligeramente h\u00famedo y limpio, no enjuagar. Estilice como dese<\/span><\/p>\n","protected":false},"excerpt":{"rendered":"<p>Tratamiento hidratante en dos fases para cabello te\u00f1ido que desenreda, aportando vitalidad y fuerza. Sus ingredientes ayudan a proteger el color del cabello te\u00f1ido alargando su duraci\u00f3n y evitando el deslave.<\/p>\n","protected":false},"featured_media":93,"comment_status":"open","ping_status":"closed","template":"","meta":[],"product_brand":[27],"product_cat":[23],"product_tag":[],"class_list":{"0":"post-758","1":"product","2":"type-product","3":"status-publish","4":"has-post-thumbnail","6":"product_brand-neurone","7":"product_cat-tratamientos","9":"first","10":"instock","11":"purchasable","12":"product-type-simple"},"yoast_head":"<!-- This site is optimized with the Yoast SEO plugin v26.2 - https:\/\/yoast.com\/wordpress\/plugins\/seo\/ -->\n<title>Dy Fazza Color - Qe bela<\/title>\n<meta name=\"robots\" content=\"index, follow, max-snippet:-1, max-image-preview:large, max-video-preview:-1\" \/>\n<link rel=\"canonical\" href=\"https:\/\/qebelabeauty.com\/index.php\/producto\/dy-fazza-color\/\" \/>\n<meta property=\"og:locale\" content=\"es_ES\" \/>\n<meta property=\"og:type\" content=\"article\" \/>\n<meta property=\"og:title\" content=\"Dy Fazza Color - Qe bela\" \/>\n<meta property=\"og:description\" content=\"Tratamiento hidratante en dos fases para cabello te\u00f1ido que desenreda, aportando vitalidad y fuerza. Sus ingredientes ayudan a proteger el color del cabello te\u00f1ido alargando su duraci\u00f3n y evitando el deslave.\" \/>\n<meta property=\"og:url\" content=\"https:\/\/qebelabeauty.com\/index.php\/producto\/dy-fazza-color\/\" \/>\n<meta property=\"og:site_name\" content=\"Qe bela\" \/>\n<meta property=\"article:modified_time\" content=\"2026-01-29T17:00:53+00:00\" \/>\n<meta property=\"og:image\" content=\"https:\/\/qebelabeauty.com\/wp-content\/uploads\/2025\/06\/difazza-color-1.webp\" \/>\n\t<meta property=\"og:image:width\" content=\"800\" \/>\n\t<meta property=\"og:image:height\" content=\"800\" \/>\n\t<meta property=\"og:image:type\" content=\"image\/webp\" \/>\n<meta name=\"twitter:card\" content=\"summary_large_image\" \/>\n<meta name=\"twitter:label1\" content=\"Tiempo de lectura\" \/>\n\t<meta name=\"twitter:data1\" content=\"1 minuto\" \/>\n<script type=\"application\/ld+json\" class=\"yoast-schema-graph\">{\"@context\":\"https:\/\/schema.org\",\"@graph\":[{\"@type\":\"WebPage\",\"@id\":\"https:\/\/qebelabeauty.com\/index.php\/producto\/dy-fazza-color\/\",\"url\":\"https:\/\/qebelabeauty.com\/index.php\/producto\/dy-fazza-color\/\",\"name\":\"Dy Fazza Color - Qe bela\",\"isPartOf\":{\"@id\":\"https:\/\/qebelabeauty.com\/#website\"},\"primaryImageOfPage\":{\"@id\":\"https:\/\/qebelabeauty.com\/index.php\/producto\/dy-fazza-color\/#primaryimage\"},\"image\":{\"@id\":\"https:\/\/qebelabeauty.com\/index.php\/producto\/dy-fazza-color\/#primaryimage\"},\"thumbnailUrl\":\"https:\/\/qebelabeauty.com\/wp-content\/uploads\/2025\/06\/difazza-color-1.webp\",\"datePublished\":\"2025-06-16T02:55:11+00:00\",\"dateModified\":\"2026-01-29T17:00:53+00:00\",\"breadcrumb\":{\"@id\":\"https:\/\/qebelabeauty.com\/index.php\/producto\/dy-fazza-color\/#breadcrumb\"},\"inLanguage\":\"es\",\"potentialAction\":[{\"@type\":\"ReadAction\",\"target\":[\"https:\/\/qebelabeauty.com\/index.php\/producto\/dy-fazza-color\/\"]}]},{\"@type\":\"ImageObject\",\"inLanguage\":\"es\",\"@id\":\"https:\/\/qebelabeauty.com\/index.php\/producto\/dy-fazza-color\/#primaryimage\",\"url\":\"https:\/\/qebelabeauty.com\/wp-content\/uploads\/2025\/06\/difazza-color-1.webp\",\"contentUrl\":\"https:\/\/qebelabeauty.com\/wp-content\/uploads\/2025\/06\/difazza-color-1.webp\",\"width\":800,\"height\":800},{\"@type\":\"BreadcrumbList\",\"@id\":\"https:\/\/qebelabeauty.com\/index.php\/producto\/dy-fazza-color\/#breadcrumb\",\"itemListElement\":[{\"@type\":\"ListItem\",\"position\":1,\"name\":\"Portada\",\"item\":\"https:\/\/qebelabeauty.com\/\"},{\"@type\":\"ListItem\",\"position\":2,\"name\":\"Tiendita\",\"item\":\"https:\/\/qebelabeauty.com\/index.php\/tienda-2\/\"},{\"@type\":\"ListItem\",\"position\":3,\"name\":\"Dy Fazza Color\"}]},{\"@type\":\"WebSite\",\"@id\":\"https:\/\/qebelabeauty.com\/#website\",\"url\":\"https:\/\/qebelabeauty.com\/\",\"name\":\"Qe bela\",\"description\":\"\",\"publisher\":{\"@id\":\"https:\/\/qebelabeauty.com\/#organization\"},\"potentialAction\":[{\"@type\":\"SearchAction\",\"target\":{\"@type\":\"EntryPoint\",\"urlTemplate\":\"https:\/\/qebelabeauty.com\/?s={search_term_string}\"},\"query-input\":{\"@type\":\"PropertyValueSpecification\",\"valueRequired\":true,\"valueName\":\"search_term_string\"}}],\"inLanguage\":\"es\"},{\"@type\":\"Organization\",\"@id\":\"https:\/\/qebelabeauty.com\/#organization\",\"name\":\"Qe bela\",\"url\":\"https:\/\/qebelabeauty.com\/\",\"logo\":{\"@type\":\"ImageObject\",\"inLanguage\":\"es\",\"@id\":\"https:\/\/qebelabeauty.com\/#\/schema\/logo\/image\/\",\"url\":\"https:\/\/qebelabeauty.com\/wp-content\/uploads\/2025\/06\/cropped-Logo-Qe-Bela-PNG-e1749710723798.png\",\"contentUrl\":\"https:\/\/qebelabeauty.com\/wp-content\/uploads\/2025\/06\/cropped-Logo-Qe-Bela-PNG-e1749710723798.png\",\"width\":525,\"height\":326,\"caption\":\"Qe bela\"},\"image\":{\"@id\":\"https:\/\/qebelabeauty.com\/#\/schema\/logo\/image\/\"}}]}<\/script>\n<!-- \/ Yoast SEO plugin. -->","yoast_head_json":{"title":"Dy Fazza Color - Qe bela","robots":{"index":"index","follow":"follow","max-snippet":"max-snippet:-1","max-image-preview":"max-image-preview:large","max-video-preview":"max-video-preview:-1"},"canonical":"https:\/\/qebelabeauty.com\/index.php\/producto\/dy-fazza-color\/","og_locale":"es_ES","og_type":"article","og_title":"Dy Fazza Color - Qe bela","og_description":"Tratamiento hidratante en dos fases para cabello te\u00f1ido que desenreda, aportando vitalidad y fuerza. Sus ingredientes ayudan a proteger el color del cabello te\u00f1ido alargando su duraci\u00f3n y evitando el deslave.","og_url":"https:\/\/qebelabeauty.com\/index.php\/producto\/dy-fazza-color\/","og_site_name":"Qe bela","article_modified_time":"2026-01-29T17:00:53+00:00","og_image":[{"width":800,"height":800,"url":"https:\/\/qebelabeauty.com\/wp-content\/uploads\/2025\/06\/difazza-color-1.webp","type":"image\/webp"}],"twitter_card":"summary_large_image","twitter_misc":{"Tiempo de lectura":"1 minuto"},"schema":{"@context":"https:\/\/schema.org","@graph":[{"@type":"WebPage","@id":"https:\/\/qebelabeauty.com\/index.php\/producto\/dy-fazza-color\/","url":"https:\/\/qebelabeauty.com\/index.php\/producto\/dy-fazza-color\/","name":"Dy Fazza Color - Qe bela","isPartOf":{"@id":"https:\/\/qebelabeauty.com\/#website"},"primaryImageOfPage":{"@id":"https:\/\/qebelabeauty.com\/index.php\/producto\/dy-fazza-color\/#primaryimage"},"image":{"@id":"https:\/\/qebelabeauty.com\/index.php\/producto\/dy-fazza-color\/#primaryimage"},"thumbnailUrl":"https:\/\/qebelabeauty.com\/wp-content\/uploads\/2025\/06\/difazza-color-1.webp","datePublished":"2025-06-16T02:55:11+00:00","dateModified":"2026-01-29T17:00:53+00:00","breadcrumb":{"@id":"https:\/\/qebelabeauty.com\/index.php\/producto\/dy-fazza-color\/#breadcrumb"},"inLanguage":"es","potentialAction":[{"@type":"ReadAction","target":["https:\/\/qebelabeauty.com\/index.php\/producto\/dy-fazza-color\/"]}]},{"@type":"ImageObject","inLanguage":"es","@id":"https:\/\/qebelabeauty.com\/index.php\/producto\/dy-fazza-color\/#primaryimage","url":"https:\/\/qebelabeauty.com\/wp-content\/uploads\/2025\/06\/difazza-color-1.webp","contentUrl":"https:\/\/qebelabeauty.com\/wp-content\/uploads\/2025\/06\/difazza-color-1.webp","width":800,"height":800},{"@type":"BreadcrumbList","@id":"https:\/\/qebelabeauty.com\/index.php\/producto\/dy-fazza-color\/#breadcrumb","itemListElement":[{"@type":"ListItem","position":1,"name":"Portada","item":"https:\/\/qebelabeauty.com\/"},{"@type":"ListItem","position":2,"name":"Tiendita","item":"https:\/\/qebelabeauty.com\/index.php\/tienda-2\/"},{"@type":"ListItem","position":3,"name":"Dy Fazza Color"}]},{"@type":"WebSite","@id":"https:\/\/qebelabeauty.com\/#website","url":"https:\/\/qebelabeauty.com\/","name":"Qe bela","description":"","publisher":{"@id":"https:\/\/qebelabeauty.com\/#organization"},"potentialAction":[{"@type":"SearchAction","target":{"@type":"EntryPoint","urlTemplate":"https:\/\/qebelabeauty.com\/?s={search_term_string}"},"query-input":{"@type":"PropertyValueSpecification","valueRequired":true,"valueName":"search_term_string"}}],"inLanguage":"es"},{"@type":"Organization","@id":"https:\/\/qebelabeauty.com\/#organization","name":"Qe bela","url":"https:\/\/qebelabeauty.com\/","logo":{"@type":"ImageObject","inLanguage":"es","@id":"https:\/\/qebelabeauty.com\/#\/schema\/logo\/image\/","url":"https:\/\/qebelabeauty.com\/wp-content\/uploads\/2025\/06\/cropped-Logo-Qe-Bela-PNG-e1749710723798.png","contentUrl":"https:\/\/qebelabeauty.com\/wp-content\/uploads\/2025\/06\/cropped-Logo-Qe-Bela-PNG-e1749710723798.png","width":525,"height":326,"caption":"Qe bela"},"image":{"@id":"https:\/\/qebelabeauty.com\/#\/schema\/logo\/image\/"}}]}},"jetpack_sharing_enabled":true,"_links":{"self":[{"href":"https:\/\/qebelabeauty.com\/index.php\/wp-json\/wp\/v2\/product\/758","targetHints":{"allow":["GET"]}}],"collection":[{"href":"https:\/\/qebelabeauty.com\/index.php\/wp-json\/wp\/v2\/product"}],"about":[{"href":"https:\/\/qebelabeauty.com\/index.php\/wp-json\/wp\/v2\/types\/product"}],"replies":[{"embeddable":true,"href":"https:\/\/qebelabeauty.com\/index.php\/wp-json\/wp\/v2\/comments?post=758"}],"wp:featuredmedia":[{"embeddable":true,"href":"https:\/\/qebelabeauty.com\/index.php\/wp-json\/wp\/v2\/media\/93"}],"wp:attachment":[{"href":"https:\/\/qebelabeauty.com\/index.php\/wp-json\/wp\/v2\/media?parent=758"}],"wp:term":[{"taxonomy":"product_brand","embeddable":true,"href":"https:\/\/qebelabeauty.com\/index.php\/wp-json\/wp\/v2\/product_brand?post=758"},{"taxonomy":"product_cat","embeddable":true,"href":"https:\/\/qebelabeauty.com\/index.php\/wp-json\/wp\/v2\/product_cat?post=758"},{"taxonomy":"product_tag","embeddable":true,"href":"https:\/\/qebelabeauty.com\/index.php\/wp-json\/wp\/v2\/product_tag?post=758"}],"curies":[{"name":"wp","href":"https:\/\/api.w.org\/{rel}","templated":true}]}}