{"id":746,"date":"2025-06-15T21:35:37","date_gmt":"2025-06-16T02:35:37","guid":{"rendered":"https:\/\/qebelabeauty.com\/?post_type=product&#038;p=746"},"modified":"2025-06-15T21:43:33","modified_gmt":"2025-06-16T02:43:33","slug":"humit-mask","status":"publish","type":"product","link":"https:\/\/qebelabeauty.com\/index.php\/producto\/humit-mask\/","title":{"rendered":"Humit Mask"},"content":{"rendered":"<p><strong>Hidrataci\u00f3n Profunda<\/strong><\/p>\n<p>El uso de productos que contienen amino\u00e1cidos, polisac\u00e1ridos, prote\u00ednas y vitaminas permite una humectaci\u00f3n excepcional. Esta combinaci\u00f3n \u00fanica proporciona una hidrataci\u00f3n profunda que transforma el cabello seco y da\u00f1ado en una melena suave y brillante.<\/p>\n<p><strong>Acondicionamiento Prolongado<\/strong><\/p>\n<p>Gracias a sus propiedades restauradoras, estos ingredientes no solo desenredan, sino que tambi\u00e9n acondicionan la fibra capilar. Esto resulta en un cabello mucho m\u00e1s manejable, f\u00e1cil de peinar y con un brillo impresionante.<\/p>\n<p><strong>Reparaci\u00f3n Integral<\/strong><\/p>\n<p>La acci\u00f3n reparadora de la f\u00f3rmula act\u00faa sobre cada hebra de cabello, asegurando que su estructura se fortalezca. Aumenta la capacidad del cabello de resistir da\u00f1os futuros, dej\u00e1ndolo saludable y radiante.<\/p>\n","protected":false},"excerpt":{"rendered":"<p>Mascarilla de alta humectaci\u00f3n y gran capacidad higrosc\u00f3pica que devuelve la hidrataci\u00f3n a cabellos secos y maltratados. El efecto inmediato reparador de sus amino\u00e1cidos, polisac\u00e1ridos, prote\u00ednas y vitaminas le aportan gran humectaci\u00f3n, suavidad y prolongado acondicionamiento al cabello, aumentando su manejabilidad y brillo.<\/p>\n","protected":false},"featured_media":751,"comment_status":"open","ping_status":"closed","template":"","meta":[],"product_brand":[27],"product_cat":[24],"product_tag":[],"class_list":{"0":"post-746","1":"product","2":"type-product","3":"status-publish","4":"has-post-thumbnail","6":"product_brand-neurone","7":"product_cat-mascarillas","9":"first","10":"instock","11":"purchasable","12":"product-type-variable"},"yoast_head":"<!-- This site is optimized with the Yoast SEO plugin v26.2 - https:\/\/yoast.com\/wordpress\/plugins\/seo\/ -->\n<title>Humit Mask - Qe bela<\/title>\n<meta name=\"robots\" content=\"index, follow, max-snippet:-1, max-image-preview:large, max-video-preview:-1\" \/>\n<link rel=\"canonical\" href=\"https:\/\/qebelabeauty.com\/index.php\/producto\/humit-mask\/\" \/>\n<meta property=\"og:locale\" content=\"es_ES\" \/>\n<meta property=\"og:type\" content=\"article\" \/>\n<meta property=\"og:title\" content=\"Humit Mask - Qe bela\" \/>\n<meta property=\"og:description\" content=\"Mascarilla de alta humectaci\u00f3n y gran capacidad higrosc\u00f3pica que devuelve la hidrataci\u00f3n a cabellos secos y maltratados. El efecto inmediato reparador de sus amino\u00e1cidos, polisac\u00e1ridos, prote\u00ednas y vitaminas le aportan gran humectaci\u00f3n, suavidad y prolongado acondicionamiento al cabello, aumentando su manejabilidad y brillo.\" \/>\n<meta property=\"og:url\" content=\"https:\/\/qebelabeauty.com\/index.php\/producto\/humit-mask\/\" \/>\n<meta property=\"og:site_name\" content=\"Qe bela\" \/>\n<meta property=\"article:modified_time\" content=\"2025-06-16T02:43:33+00:00\" \/>\n<meta property=\"og:image\" content=\"https:\/\/qebelabeauty.com\/wp-content\/uploads\/2025\/06\/humit-mask-400-2.webp\" \/>\n\t<meta property=\"og:image:width\" content=\"800\" \/>\n\t<meta property=\"og:image:height\" content=\"800\" \/>\n\t<meta property=\"og:image:type\" content=\"image\/webp\" \/>\n<meta name=\"twitter:card\" content=\"summary_large_image\" \/>\n<meta name=\"twitter:label1\" content=\"Tiempo de lectura\" \/>\n\t<meta name=\"twitter:data1\" content=\"1 minuto\" \/>\n<script type=\"application\/ld+json\" class=\"yoast-schema-graph\">{\"@context\":\"https:\/\/schema.org\",\"@graph\":[{\"@type\":\"WebPage\",\"@id\":\"https:\/\/qebelabeauty.com\/index.php\/producto\/humit-mask\/\",\"url\":\"https:\/\/qebelabeauty.com\/index.php\/producto\/humit-mask\/\",\"name\":\"Humit Mask - Qe bela\",\"isPartOf\":{\"@id\":\"https:\/\/qebelabeauty.com\/#website\"},\"primaryImageOfPage\":{\"@id\":\"https:\/\/qebelabeauty.com\/index.php\/producto\/humit-mask\/#primaryimage\"},\"image\":{\"@id\":\"https:\/\/qebelabeauty.com\/index.php\/producto\/humit-mask\/#primaryimage\"},\"thumbnailUrl\":\"https:\/\/qebelabeauty.com\/wp-content\/uploads\/2025\/06\/humit-mask-400-2.webp\",\"datePublished\":\"2025-06-16T02:35:37+00:00\",\"dateModified\":\"2025-06-16T02:43:33+00:00\",\"breadcrumb\":{\"@id\":\"https:\/\/qebelabeauty.com\/index.php\/producto\/humit-mask\/#breadcrumb\"},\"inLanguage\":\"es\",\"potentialAction\":[{\"@type\":\"ReadAction\",\"target\":[\"https:\/\/qebelabeauty.com\/index.php\/producto\/humit-mask\/\"]}]},{\"@type\":\"ImageObject\",\"inLanguage\":\"es\",\"@id\":\"https:\/\/qebelabeauty.com\/index.php\/producto\/humit-mask\/#primaryimage\",\"url\":\"https:\/\/qebelabeauty.com\/wp-content\/uploads\/2025\/06\/humit-mask-400-2.webp\",\"contentUrl\":\"https:\/\/qebelabeauty.com\/wp-content\/uploads\/2025\/06\/humit-mask-400-2.webp\",\"width\":800,\"height\":800},{\"@type\":\"BreadcrumbList\",\"@id\":\"https:\/\/qebelabeauty.com\/index.php\/producto\/humit-mask\/#breadcrumb\",\"itemListElement\":[{\"@type\":\"ListItem\",\"position\":1,\"name\":\"Portada\",\"item\":\"https:\/\/qebelabeauty.com\/\"},{\"@type\":\"ListItem\",\"position\":2,\"name\":\"Tiendita\",\"item\":\"https:\/\/qebelabeauty.com\/index.php\/tienda-2\/\"},{\"@type\":\"ListItem\",\"position\":3,\"name\":\"Humit Mask\"}]},{\"@type\":\"WebSite\",\"@id\":\"https:\/\/qebelabeauty.com\/#website\",\"url\":\"https:\/\/qebelabeauty.com\/\",\"name\":\"Qe bela\",\"description\":\"\",\"publisher\":{\"@id\":\"https:\/\/qebelabeauty.com\/#organization\"},\"potentialAction\":[{\"@type\":\"SearchAction\",\"target\":{\"@type\":\"EntryPoint\",\"urlTemplate\":\"https:\/\/qebelabeauty.com\/?s={search_term_string}\"},\"query-input\":{\"@type\":\"PropertyValueSpecification\",\"valueRequired\":true,\"valueName\":\"search_term_string\"}}],\"inLanguage\":\"es\"},{\"@type\":\"Organization\",\"@id\":\"https:\/\/qebelabeauty.com\/#organization\",\"name\":\"Qe bela\",\"url\":\"https:\/\/qebelabeauty.com\/\",\"logo\":{\"@type\":\"ImageObject\",\"inLanguage\":\"es\",\"@id\":\"https:\/\/qebelabeauty.com\/#\/schema\/logo\/image\/\",\"url\":\"https:\/\/qebelabeauty.com\/wp-content\/uploads\/2025\/06\/cropped-Logo-Qe-Bela-PNG-e1749710723798.png\",\"contentUrl\":\"https:\/\/qebelabeauty.com\/wp-content\/uploads\/2025\/06\/cropped-Logo-Qe-Bela-PNG-e1749710723798.png\",\"width\":525,\"height\":326,\"caption\":\"Qe bela\"},\"image\":{\"@id\":\"https:\/\/qebelabeauty.com\/#\/schema\/logo\/image\/\"}}]}<\/script>\n<!-- \/ Yoast SEO plugin. -->","yoast_head_json":{"title":"Humit Mask - Qe bela","robots":{"index":"index","follow":"follow","max-snippet":"max-snippet:-1","max-image-preview":"max-image-preview:large","max-video-preview":"max-video-preview:-1"},"canonical":"https:\/\/qebelabeauty.com\/index.php\/producto\/humit-mask\/","og_locale":"es_ES","og_type":"article","og_title":"Humit Mask - Qe bela","og_description":"Mascarilla de alta humectaci\u00f3n y gran capacidad higrosc\u00f3pica que devuelve la hidrataci\u00f3n a cabellos secos y maltratados. El efecto inmediato reparador de sus amino\u00e1cidos, polisac\u00e1ridos, prote\u00ednas y vitaminas le aportan gran humectaci\u00f3n, suavidad y prolongado acondicionamiento al cabello, aumentando su manejabilidad y brillo.","og_url":"https:\/\/qebelabeauty.com\/index.php\/producto\/humit-mask\/","og_site_name":"Qe bela","article_modified_time":"2025-06-16T02:43:33+00:00","og_image":[{"width":800,"height":800,"url":"https:\/\/qebelabeauty.com\/wp-content\/uploads\/2025\/06\/humit-mask-400-2.webp","type":"image\/webp"}],"twitter_card":"summary_large_image","twitter_misc":{"Tiempo de lectura":"1 minuto"},"schema":{"@context":"https:\/\/schema.org","@graph":[{"@type":"WebPage","@id":"https:\/\/qebelabeauty.com\/index.php\/producto\/humit-mask\/","url":"https:\/\/qebelabeauty.com\/index.php\/producto\/humit-mask\/","name":"Humit Mask - Qe bela","isPartOf":{"@id":"https:\/\/qebelabeauty.com\/#website"},"primaryImageOfPage":{"@id":"https:\/\/qebelabeauty.com\/index.php\/producto\/humit-mask\/#primaryimage"},"image":{"@id":"https:\/\/qebelabeauty.com\/index.php\/producto\/humit-mask\/#primaryimage"},"thumbnailUrl":"https:\/\/qebelabeauty.com\/wp-content\/uploads\/2025\/06\/humit-mask-400-2.webp","datePublished":"2025-06-16T02:35:37+00:00","dateModified":"2025-06-16T02:43:33+00:00","breadcrumb":{"@id":"https:\/\/qebelabeauty.com\/index.php\/producto\/humit-mask\/#breadcrumb"},"inLanguage":"es","potentialAction":[{"@type":"ReadAction","target":["https:\/\/qebelabeauty.com\/index.php\/producto\/humit-mask\/"]}]},{"@type":"ImageObject","inLanguage":"es","@id":"https:\/\/qebelabeauty.com\/index.php\/producto\/humit-mask\/#primaryimage","url":"https:\/\/qebelabeauty.com\/wp-content\/uploads\/2025\/06\/humit-mask-400-2.webp","contentUrl":"https:\/\/qebelabeauty.com\/wp-content\/uploads\/2025\/06\/humit-mask-400-2.webp","width":800,"height":800},{"@type":"BreadcrumbList","@id":"https:\/\/qebelabeauty.com\/index.php\/producto\/humit-mask\/#breadcrumb","itemListElement":[{"@type":"ListItem","position":1,"name":"Portada","item":"https:\/\/qebelabeauty.com\/"},{"@type":"ListItem","position":2,"name":"Tiendita","item":"https:\/\/qebelabeauty.com\/index.php\/tienda-2\/"},{"@type":"ListItem","position":3,"name":"Humit Mask"}]},{"@type":"WebSite","@id":"https:\/\/qebelabeauty.com\/#website","url":"https:\/\/qebelabeauty.com\/","name":"Qe bela","description":"","publisher":{"@id":"https:\/\/qebelabeauty.com\/#organization"},"potentialAction":[{"@type":"SearchAction","target":{"@type":"EntryPoint","urlTemplate":"https:\/\/qebelabeauty.com\/?s={search_term_string}"},"query-input":{"@type":"PropertyValueSpecification","valueRequired":true,"valueName":"search_term_string"}}],"inLanguage":"es"},{"@type":"Organization","@id":"https:\/\/qebelabeauty.com\/#organization","name":"Qe bela","url":"https:\/\/qebelabeauty.com\/","logo":{"@type":"ImageObject","inLanguage":"es","@id":"https:\/\/qebelabeauty.com\/#\/schema\/logo\/image\/","url":"https:\/\/qebelabeauty.com\/wp-content\/uploads\/2025\/06\/cropped-Logo-Qe-Bela-PNG-e1749710723798.png","contentUrl":"https:\/\/qebelabeauty.com\/wp-content\/uploads\/2025\/06\/cropped-Logo-Qe-Bela-PNG-e1749710723798.png","width":525,"height":326,"caption":"Qe bela"},"image":{"@id":"https:\/\/qebelabeauty.com\/#\/schema\/logo\/image\/"}}]}},"jetpack_sharing_enabled":true,"_links":{"self":[{"href":"https:\/\/qebelabeauty.com\/index.php\/wp-json\/wp\/v2\/product\/746","targetHints":{"allow":["GET"]}}],"collection":[{"href":"https:\/\/qebelabeauty.com\/index.php\/wp-json\/wp\/v2\/product"}],"about":[{"href":"https:\/\/qebelabeauty.com\/index.php\/wp-json\/wp\/v2\/types\/product"}],"replies":[{"embeddable":true,"href":"https:\/\/qebelabeauty.com\/index.php\/wp-json\/wp\/v2\/comments?post=746"}],"wp:featuredmedia":[{"embeddable":true,"href":"https:\/\/qebelabeauty.com\/index.php\/wp-json\/wp\/v2\/media\/751"}],"wp:attachment":[{"href":"https:\/\/qebelabeauty.com\/index.php\/wp-json\/wp\/v2\/media?parent=746"}],"wp:term":[{"taxonomy":"product_brand","embeddable":true,"href":"https:\/\/qebelabeauty.com\/index.php\/wp-json\/wp\/v2\/product_brand?post=746"},{"taxonomy":"product_cat","embeddable":true,"href":"https:\/\/qebelabeauty.com\/index.php\/wp-json\/wp\/v2\/product_cat?post=746"},{"taxonomy":"product_tag","embeddable":true,"href":"https:\/\/qebelabeauty.com\/index.php\/wp-json\/wp\/v2\/product_tag?post=746"}],"curies":[{"name":"wp","href":"https:\/\/api.w.org\/{rel}","templated":true}]}}