{"id":739,"date":"2025-06-15T21:27:54","date_gmt":"2025-06-16T02:27:54","guid":{"rendered":"https:\/\/qebelabeauty.com\/?post_type=product&#038;p=739"},"modified":"2025-06-15T21:34:30","modified_gmt":"2025-06-16T02:34:30","slug":"shampoo-humit","status":"publish","type":"product","link":"https:\/\/qebelabeauty.com\/index.php\/producto\/shampoo-humit\/","title":{"rendered":"Shampoo Humit"},"content":{"rendered":"<p><strong>Restauraci\u00f3n Capilar de Larga Duraci\u00f3n<\/strong><\/p>\n<p>Este producto ha sido\u00a0<strong>dise\u00f1ado para ofrecer una prolongada<\/strong>\u00a0y eficaz restauraci\u00f3n capilar. Su f\u00f3rmula avanzada act\u00faa profundamente en la hebra del cabello, asegurando resultados visibles con el uso continuo. Los ingredientes est\u00e1n seleccionados cuidadosamente para maximizar los efectos de cuidado.<\/p>\n<p><strong>Humectaci\u00f3n Intensiva<\/strong><\/p>\n<p>La gran humectaci\u00f3n que proporciona es ideal para combatir la sequedad y el da\u00f1o. Al aplicar este tratamiento, el cabello retiene la humedad, lo que se traduce en un brillo saludable y una textura suave al tacto.<\/p>\n<p><strong>Acondicionamiento Superior<\/strong><\/p>\n<p>Aparte de restaurar, tambi\u00e9n se destaca por ofrecer un intenso acondicionamiento. Esto resulta en una notable mejora en la manejabilidad del cabello, facilitando el peinado y reduciendo el frizz, dej\u00e1ndolo sedoso y manejable todo el d\u00eda.<\/p>\n","protected":false},"excerpt":{"rendered":"<p>Shampoo de alta humectaci\u00f3n con capacidad higrosc\u00f3pica que devuelve la hidrataci\u00f3n a cabellos secos y maltratados. Dise\u00f1ado para ofrecer una prolongada y eficaz restauraci\u00f3n capilar, gran humectaci\u00f3n y proporcionar un intenso acondicionamiento que mejora notablemente la manejabilidad de cabello, reduciendo el frizz para obtener una cabellera brillante, suave y controlada. Sus ingredientes neurocosm\u00e9ticos brindan una sensaci\u00f3n de bienestar y placer.<\/p>\n","protected":false},"featured_media":742,"comment_status":"open","ping_status":"closed","template":"","meta":[],"product_brand":[27],"product_cat":[25],"product_tag":[],"class_list":{"0":"post-739","1":"product","2":"type-product","3":"status-publish","4":"has-post-thumbnail","6":"product_brand-neurone","7":"product_cat-shampoo","9":"first","10":"instock","11":"purchasable","12":"product-type-variable"},"yoast_head":"<!-- This site is optimized with the Yoast SEO plugin v26.2 - https:\/\/yoast.com\/wordpress\/plugins\/seo\/ -->\n<title>Shampoo Humit - Qe bela<\/title>\n<meta name=\"robots\" content=\"index, follow, max-snippet:-1, max-image-preview:large, max-video-preview:-1\" \/>\n<link rel=\"canonical\" href=\"https:\/\/qebelabeauty.com\/index.php\/producto\/shampoo-humit\/\" \/>\n<meta property=\"og:locale\" content=\"es_ES\" \/>\n<meta property=\"og:type\" content=\"article\" \/>\n<meta property=\"og:title\" content=\"Shampoo Humit - Qe bela\" \/>\n<meta property=\"og:description\" content=\"Shampoo de alta humectaci\u00f3n con capacidad higrosc\u00f3pica que devuelve la hidrataci\u00f3n a cabellos secos y maltratados. Dise\u00f1ado para ofrecer una prolongada y eficaz restauraci\u00f3n capilar, gran humectaci\u00f3n y proporcionar un intenso acondicionamiento que mejora notablemente la manejabilidad de cabello, reduciendo el frizz para obtener una cabellera brillante, suave y controlada. Sus ingredientes neurocosm\u00e9ticos brindan una sensaci\u00f3n de bienestar y placer.\" \/>\n<meta property=\"og:url\" content=\"https:\/\/qebelabeauty.com\/index.php\/producto\/shampoo-humit\/\" \/>\n<meta property=\"og:site_name\" content=\"Qe bela\" \/>\n<meta property=\"article:modified_time\" content=\"2025-06-16T02:34:30+00:00\" \/>\n<meta property=\"og:image\" content=\"https:\/\/qebelabeauty.com\/wp-content\/uploads\/2025\/06\/humit-sh-400-1.webp\" \/>\n\t<meta property=\"og:image:width\" content=\"800\" \/>\n\t<meta property=\"og:image:height\" content=\"800\" \/>\n\t<meta property=\"og:image:type\" content=\"image\/webp\" \/>\n<meta name=\"twitter:card\" content=\"summary_large_image\" \/>\n<meta name=\"twitter:label1\" content=\"Tiempo de lectura\" \/>\n\t<meta name=\"twitter:data1\" content=\"1 minuto\" \/>\n<script type=\"application\/ld+json\" class=\"yoast-schema-graph\">{\"@context\":\"https:\/\/schema.org\",\"@graph\":[{\"@type\":\"WebPage\",\"@id\":\"https:\/\/qebelabeauty.com\/index.php\/producto\/shampoo-humit\/\",\"url\":\"https:\/\/qebelabeauty.com\/index.php\/producto\/shampoo-humit\/\",\"name\":\"Shampoo Humit - Qe bela\",\"isPartOf\":{\"@id\":\"https:\/\/qebelabeauty.com\/#website\"},\"primaryImageOfPage\":{\"@id\":\"https:\/\/qebelabeauty.com\/index.php\/producto\/shampoo-humit\/#primaryimage\"},\"image\":{\"@id\":\"https:\/\/qebelabeauty.com\/index.php\/producto\/shampoo-humit\/#primaryimage\"},\"thumbnailUrl\":\"https:\/\/qebelabeauty.com\/wp-content\/uploads\/2025\/06\/humit-sh-400-1.webp\",\"datePublished\":\"2025-06-16T02:27:54+00:00\",\"dateModified\":\"2025-06-16T02:34:30+00:00\",\"breadcrumb\":{\"@id\":\"https:\/\/qebelabeauty.com\/index.php\/producto\/shampoo-humit\/#breadcrumb\"},\"inLanguage\":\"es\",\"potentialAction\":[{\"@type\":\"ReadAction\",\"target\":[\"https:\/\/qebelabeauty.com\/index.php\/producto\/shampoo-humit\/\"]}]},{\"@type\":\"ImageObject\",\"inLanguage\":\"es\",\"@id\":\"https:\/\/qebelabeauty.com\/index.php\/producto\/shampoo-humit\/#primaryimage\",\"url\":\"https:\/\/qebelabeauty.com\/wp-content\/uploads\/2025\/06\/humit-sh-400-1.webp\",\"contentUrl\":\"https:\/\/qebelabeauty.com\/wp-content\/uploads\/2025\/06\/humit-sh-400-1.webp\",\"width\":800,\"height\":800},{\"@type\":\"BreadcrumbList\",\"@id\":\"https:\/\/qebelabeauty.com\/index.php\/producto\/shampoo-humit\/#breadcrumb\",\"itemListElement\":[{\"@type\":\"ListItem\",\"position\":1,\"name\":\"Portada\",\"item\":\"https:\/\/qebelabeauty.com\/\"},{\"@type\":\"ListItem\",\"position\":2,\"name\":\"Tiendita\",\"item\":\"https:\/\/qebelabeauty.com\/index.php\/tienda-2\/\"},{\"@type\":\"ListItem\",\"position\":3,\"name\":\"Shampoo Humit\"}]},{\"@type\":\"WebSite\",\"@id\":\"https:\/\/qebelabeauty.com\/#website\",\"url\":\"https:\/\/qebelabeauty.com\/\",\"name\":\"Qe bela\",\"description\":\"\",\"publisher\":{\"@id\":\"https:\/\/qebelabeauty.com\/#organization\"},\"potentialAction\":[{\"@type\":\"SearchAction\",\"target\":{\"@type\":\"EntryPoint\",\"urlTemplate\":\"https:\/\/qebelabeauty.com\/?s={search_term_string}\"},\"query-input\":{\"@type\":\"PropertyValueSpecification\",\"valueRequired\":true,\"valueName\":\"search_term_string\"}}],\"inLanguage\":\"es\"},{\"@type\":\"Organization\",\"@id\":\"https:\/\/qebelabeauty.com\/#organization\",\"name\":\"Qe bela\",\"url\":\"https:\/\/qebelabeauty.com\/\",\"logo\":{\"@type\":\"ImageObject\",\"inLanguage\":\"es\",\"@id\":\"https:\/\/qebelabeauty.com\/#\/schema\/logo\/image\/\",\"url\":\"https:\/\/qebelabeauty.com\/wp-content\/uploads\/2025\/06\/cropped-Logo-Qe-Bela-PNG-e1749710723798.png\",\"contentUrl\":\"https:\/\/qebelabeauty.com\/wp-content\/uploads\/2025\/06\/cropped-Logo-Qe-Bela-PNG-e1749710723798.png\",\"width\":525,\"height\":326,\"caption\":\"Qe bela\"},\"image\":{\"@id\":\"https:\/\/qebelabeauty.com\/#\/schema\/logo\/image\/\"}}]}<\/script>\n<!-- \/ Yoast SEO plugin. -->","yoast_head_json":{"title":"Shampoo Humit - Qe bela","robots":{"index":"index","follow":"follow","max-snippet":"max-snippet:-1","max-image-preview":"max-image-preview:large","max-video-preview":"max-video-preview:-1"},"canonical":"https:\/\/qebelabeauty.com\/index.php\/producto\/shampoo-humit\/","og_locale":"es_ES","og_type":"article","og_title":"Shampoo Humit - Qe bela","og_description":"Shampoo de alta humectaci\u00f3n con capacidad higrosc\u00f3pica que devuelve la hidrataci\u00f3n a cabellos secos y maltratados. Dise\u00f1ado para ofrecer una prolongada y eficaz restauraci\u00f3n capilar, gran humectaci\u00f3n y proporcionar un intenso acondicionamiento que mejora notablemente la manejabilidad de cabello, reduciendo el frizz para obtener una cabellera brillante, suave y controlada. Sus ingredientes neurocosm\u00e9ticos brindan una sensaci\u00f3n de bienestar y placer.","og_url":"https:\/\/qebelabeauty.com\/index.php\/producto\/shampoo-humit\/","og_site_name":"Qe bela","article_modified_time":"2025-06-16T02:34:30+00:00","og_image":[{"width":800,"height":800,"url":"https:\/\/qebelabeauty.com\/wp-content\/uploads\/2025\/06\/humit-sh-400-1.webp","type":"image\/webp"}],"twitter_card":"summary_large_image","twitter_misc":{"Tiempo de lectura":"1 minuto"},"schema":{"@context":"https:\/\/schema.org","@graph":[{"@type":"WebPage","@id":"https:\/\/qebelabeauty.com\/index.php\/producto\/shampoo-humit\/","url":"https:\/\/qebelabeauty.com\/index.php\/producto\/shampoo-humit\/","name":"Shampoo Humit - Qe bela","isPartOf":{"@id":"https:\/\/qebelabeauty.com\/#website"},"primaryImageOfPage":{"@id":"https:\/\/qebelabeauty.com\/index.php\/producto\/shampoo-humit\/#primaryimage"},"image":{"@id":"https:\/\/qebelabeauty.com\/index.php\/producto\/shampoo-humit\/#primaryimage"},"thumbnailUrl":"https:\/\/qebelabeauty.com\/wp-content\/uploads\/2025\/06\/humit-sh-400-1.webp","datePublished":"2025-06-16T02:27:54+00:00","dateModified":"2025-06-16T02:34:30+00:00","breadcrumb":{"@id":"https:\/\/qebelabeauty.com\/index.php\/producto\/shampoo-humit\/#breadcrumb"},"inLanguage":"es","potentialAction":[{"@type":"ReadAction","target":["https:\/\/qebelabeauty.com\/index.php\/producto\/shampoo-humit\/"]}]},{"@type":"ImageObject","inLanguage":"es","@id":"https:\/\/qebelabeauty.com\/index.php\/producto\/shampoo-humit\/#primaryimage","url":"https:\/\/qebelabeauty.com\/wp-content\/uploads\/2025\/06\/humit-sh-400-1.webp","contentUrl":"https:\/\/qebelabeauty.com\/wp-content\/uploads\/2025\/06\/humit-sh-400-1.webp","width":800,"height":800},{"@type":"BreadcrumbList","@id":"https:\/\/qebelabeauty.com\/index.php\/producto\/shampoo-humit\/#breadcrumb","itemListElement":[{"@type":"ListItem","position":1,"name":"Portada","item":"https:\/\/qebelabeauty.com\/"},{"@type":"ListItem","position":2,"name":"Tiendita","item":"https:\/\/qebelabeauty.com\/index.php\/tienda-2\/"},{"@type":"ListItem","position":3,"name":"Shampoo Humit"}]},{"@type":"WebSite","@id":"https:\/\/qebelabeauty.com\/#website","url":"https:\/\/qebelabeauty.com\/","name":"Qe bela","description":"","publisher":{"@id":"https:\/\/qebelabeauty.com\/#organization"},"potentialAction":[{"@type":"SearchAction","target":{"@type":"EntryPoint","urlTemplate":"https:\/\/qebelabeauty.com\/?s={search_term_string}"},"query-input":{"@type":"PropertyValueSpecification","valueRequired":true,"valueName":"search_term_string"}}],"inLanguage":"es"},{"@type":"Organization","@id":"https:\/\/qebelabeauty.com\/#organization","name":"Qe bela","url":"https:\/\/qebelabeauty.com\/","logo":{"@type":"ImageObject","inLanguage":"es","@id":"https:\/\/qebelabeauty.com\/#\/schema\/logo\/image\/","url":"https:\/\/qebelabeauty.com\/wp-content\/uploads\/2025\/06\/cropped-Logo-Qe-Bela-PNG-e1749710723798.png","contentUrl":"https:\/\/qebelabeauty.com\/wp-content\/uploads\/2025\/06\/cropped-Logo-Qe-Bela-PNG-e1749710723798.png","width":525,"height":326,"caption":"Qe bela"},"image":{"@id":"https:\/\/qebelabeauty.com\/#\/schema\/logo\/image\/"}}]}},"jetpack_sharing_enabled":true,"_links":{"self":[{"href":"https:\/\/qebelabeauty.com\/index.php\/wp-json\/wp\/v2\/product\/739","targetHints":{"allow":["GET"]}}],"collection":[{"href":"https:\/\/qebelabeauty.com\/index.php\/wp-json\/wp\/v2\/product"}],"about":[{"href":"https:\/\/qebelabeauty.com\/index.php\/wp-json\/wp\/v2\/types\/product"}],"replies":[{"embeddable":true,"href":"https:\/\/qebelabeauty.com\/index.php\/wp-json\/wp\/v2\/comments?post=739"}],"wp:featuredmedia":[{"embeddable":true,"href":"https:\/\/qebelabeauty.com\/index.php\/wp-json\/wp\/v2\/media\/742"}],"wp:attachment":[{"href":"https:\/\/qebelabeauty.com\/index.php\/wp-json\/wp\/v2\/media?parent=739"}],"wp:term":[{"taxonomy":"product_brand","embeddable":true,"href":"https:\/\/qebelabeauty.com\/index.php\/wp-json\/wp\/v2\/product_brand?post=739"},{"taxonomy":"product_cat","embeddable":true,"href":"https:\/\/qebelabeauty.com\/index.php\/wp-json\/wp\/v2\/product_cat?post=739"},{"taxonomy":"product_tag","embeddable":true,"href":"https:\/\/qebelabeauty.com\/index.php\/wp-json\/wp\/v2\/product_tag?post=739"}],"curies":[{"name":"wp","href":"https:\/\/api.w.org\/{rel}","templated":true}]}}