{"id":736,"date":"2025-06-15T21:15:17","date_gmt":"2025-06-16T02:15:17","guid":{"rendered":"https:\/\/qebelabeauty.com\/?post_type=product&#038;p=736"},"modified":"2025-11-24T09:11:24","modified_gmt":"2025-11-24T14:11:24","slug":"shampoo-menthol-ice","status":"publish","type":"product","link":"https:\/\/qebelabeauty.com\/index.php\/producto\/shampoo-menthol-ice\/","title":{"rendered":"Shampoo Menthol Ice"},"content":{"rendered":"<p>Shampoo formulado para relajar los vasos sangu\u00edneos del cuello cabelludo, estimular el crecimiento capilar y lograr un cabello mucho m\u00e1s suave, notablemente m\u00e1s grueso y fuerte. Da volumen, previene la caspa y la perdida de cabello, ya que penetra profundamente en los fol\u00edculos capilares, activando la circulaci\u00f3n.<\/p>\n<p><strong>Presentaci\u00f3n del Shampoo<\/strong><\/p>\n<p>Descubre nuestro shampoo formulado especialmente para relajar los vasos sangu\u00edneos del cuero cabelludo. Este producto es ideal para aquellos que buscan estimular el crecimiento capilar y lograr un cabello m\u00e1s suave y fuerte.<\/p>\n<p><strong>Beneficios del Producto<\/strong><\/p>\n<p>Este shampoo ayuda a prevenir la ca\u00edda del cabello, aportando un volumen excepcional. Su f\u00f3rmula penetra profundamente en los fol\u00edculos capilares, activando la circulaci\u00f3n y promoviendo un cabello notablemente m\u00e1s grueso. Adem\u00e1s, combate la caspa, mejorando la salud del cuero cabelludo.<\/p>\n<p><strong>Uso Recomendado<\/strong><\/p>\n<p>Para obtener los mejores resultados, aplica el shampoo en el cabello h\u00famedo, masajea suavemente el cuero cabelludo y deja actuar unos minutos antes de enjuagar. Incluye este shampoo en tu rutina y transforma tu cabello.<\/p>\n","protected":false},"excerpt":{"rendered":"<p>Shampoo energizante y refrescante, elaborado con una mezcla especial de ingredientes derivados de la planta de menta, biofermento de zinc, arginina, inositol, extractos y prote\u00ednas de origen vegetal. Remueve impurezas y grasa del cuero cabelludo, relajando los vasos sangu\u00edneos para estimular el crecimiento capilar y lograr un cabello mucho m\u00e1s suave, notablemente m\u00e1s grueso y fuerte.<\/p>\n","protected":false},"featured_media":737,"comment_status":"open","ping_status":"closed","template":"","meta":[],"product_brand":[27],"product_cat":[25],"product_tag":[],"class_list":{"0":"post-736","1":"product","2":"type-product","3":"status-publish","4":"has-post-thumbnail","6":"product_brand-neurone","7":"product_cat-shampoo","9":"first","10":"instock","11":"purchasable","12":"product-type-simple"},"yoast_head":"<!-- This site is optimized with the Yoast SEO plugin v26.2 - https:\/\/yoast.com\/wordpress\/plugins\/seo\/ -->\n<title>Shampoo Menthol Ice - Qe bela<\/title>\n<meta name=\"robots\" content=\"index, follow, max-snippet:-1, max-image-preview:large, max-video-preview:-1\" \/>\n<link rel=\"canonical\" href=\"https:\/\/qebelabeauty.com\/index.php\/producto\/shampoo-menthol-ice\/\" \/>\n<meta property=\"og:locale\" content=\"es_ES\" \/>\n<meta property=\"og:type\" content=\"article\" \/>\n<meta property=\"og:title\" content=\"Shampoo Menthol Ice - Qe bela\" \/>\n<meta property=\"og:description\" content=\"Shampoo energizante y refrescante, elaborado con una mezcla especial de ingredientes derivados de la planta de menta, biofermento de zinc, arginina, inositol, extractos y prote\u00ednas de origen vegetal. Remueve impurezas y grasa del cuero cabelludo, relajando los vasos sangu\u00edneos para estimular el crecimiento capilar y lograr un cabello mucho m\u00e1s suave, notablemente m\u00e1s grueso y fuerte.\" \/>\n<meta property=\"og:url\" content=\"https:\/\/qebelabeauty.com\/index.php\/producto\/shampoo-menthol-ice\/\" \/>\n<meta property=\"og:site_name\" content=\"Qe bela\" \/>\n<meta property=\"article:modified_time\" content=\"2025-11-24T14:11:24+00:00\" \/>\n<meta property=\"og:image\" content=\"https:\/\/qebelabeauty.com\/wp-content\/uploads\/2025\/06\/menthol-ice-400.webp\" \/>\n\t<meta property=\"og:image:width\" content=\"800\" \/>\n\t<meta property=\"og:image:height\" content=\"800\" \/>\n\t<meta property=\"og:image:type\" content=\"image\/webp\" \/>\n<meta name=\"twitter:card\" content=\"summary_large_image\" \/>\n<meta name=\"twitter:label1\" content=\"Tiempo de lectura\" \/>\n\t<meta name=\"twitter:data1\" content=\"1 minuto\" \/>\n<script type=\"application\/ld+json\" class=\"yoast-schema-graph\">{\"@context\":\"https:\/\/schema.org\",\"@graph\":[{\"@type\":\"WebPage\",\"@id\":\"https:\/\/qebelabeauty.com\/index.php\/producto\/shampoo-menthol-ice\/\",\"url\":\"https:\/\/qebelabeauty.com\/index.php\/producto\/shampoo-menthol-ice\/\",\"name\":\"Shampoo Menthol Ice - Qe bela\",\"isPartOf\":{\"@id\":\"https:\/\/qebelabeauty.com\/#website\"},\"primaryImageOfPage\":{\"@id\":\"https:\/\/qebelabeauty.com\/index.php\/producto\/shampoo-menthol-ice\/#primaryimage\"},\"image\":{\"@id\":\"https:\/\/qebelabeauty.com\/index.php\/producto\/shampoo-menthol-ice\/#primaryimage\"},\"thumbnailUrl\":\"https:\/\/qebelabeauty.com\/wp-content\/uploads\/2025\/06\/menthol-ice-400.webp\",\"datePublished\":\"2025-06-16T02:15:17+00:00\",\"dateModified\":\"2025-11-24T14:11:24+00:00\",\"breadcrumb\":{\"@id\":\"https:\/\/qebelabeauty.com\/index.php\/producto\/shampoo-menthol-ice\/#breadcrumb\"},\"inLanguage\":\"es\",\"potentialAction\":[{\"@type\":\"ReadAction\",\"target\":[\"https:\/\/qebelabeauty.com\/index.php\/producto\/shampoo-menthol-ice\/\"]}]},{\"@type\":\"ImageObject\",\"inLanguage\":\"es\",\"@id\":\"https:\/\/qebelabeauty.com\/index.php\/producto\/shampoo-menthol-ice\/#primaryimage\",\"url\":\"https:\/\/qebelabeauty.com\/wp-content\/uploads\/2025\/06\/menthol-ice-400.webp\",\"contentUrl\":\"https:\/\/qebelabeauty.com\/wp-content\/uploads\/2025\/06\/menthol-ice-400.webp\",\"width\":800,\"height\":800},{\"@type\":\"BreadcrumbList\",\"@id\":\"https:\/\/qebelabeauty.com\/index.php\/producto\/shampoo-menthol-ice\/#breadcrumb\",\"itemListElement\":[{\"@type\":\"ListItem\",\"position\":1,\"name\":\"Portada\",\"item\":\"https:\/\/qebelabeauty.com\/\"},{\"@type\":\"ListItem\",\"position\":2,\"name\":\"Tiendita\",\"item\":\"https:\/\/qebelabeauty.com\/index.php\/tienda-2\/\"},{\"@type\":\"ListItem\",\"position\":3,\"name\":\"Shampoo Menthol Ice\"}]},{\"@type\":\"WebSite\",\"@id\":\"https:\/\/qebelabeauty.com\/#website\",\"url\":\"https:\/\/qebelabeauty.com\/\",\"name\":\"Qe bela\",\"description\":\"\",\"publisher\":{\"@id\":\"https:\/\/qebelabeauty.com\/#organization\"},\"potentialAction\":[{\"@type\":\"SearchAction\",\"target\":{\"@type\":\"EntryPoint\",\"urlTemplate\":\"https:\/\/qebelabeauty.com\/?s={search_term_string}\"},\"query-input\":{\"@type\":\"PropertyValueSpecification\",\"valueRequired\":true,\"valueName\":\"search_term_string\"}}],\"inLanguage\":\"es\"},{\"@type\":\"Organization\",\"@id\":\"https:\/\/qebelabeauty.com\/#organization\",\"name\":\"Qe bela\",\"url\":\"https:\/\/qebelabeauty.com\/\",\"logo\":{\"@type\":\"ImageObject\",\"inLanguage\":\"es\",\"@id\":\"https:\/\/qebelabeauty.com\/#\/schema\/logo\/image\/\",\"url\":\"https:\/\/qebelabeauty.com\/wp-content\/uploads\/2025\/06\/cropped-Logo-Qe-Bela-PNG-e1749710723798.png\",\"contentUrl\":\"https:\/\/qebelabeauty.com\/wp-content\/uploads\/2025\/06\/cropped-Logo-Qe-Bela-PNG-e1749710723798.png\",\"width\":525,\"height\":326,\"caption\":\"Qe bela\"},\"image\":{\"@id\":\"https:\/\/qebelabeauty.com\/#\/schema\/logo\/image\/\"}}]}<\/script>\n<!-- \/ Yoast SEO plugin. -->","yoast_head_json":{"title":"Shampoo Menthol Ice - Qe bela","robots":{"index":"index","follow":"follow","max-snippet":"max-snippet:-1","max-image-preview":"max-image-preview:large","max-video-preview":"max-video-preview:-1"},"canonical":"https:\/\/qebelabeauty.com\/index.php\/producto\/shampoo-menthol-ice\/","og_locale":"es_ES","og_type":"article","og_title":"Shampoo Menthol Ice - Qe bela","og_description":"Shampoo energizante y refrescante, elaborado con una mezcla especial de ingredientes derivados de la planta de menta, biofermento de zinc, arginina, inositol, extractos y prote\u00ednas de origen vegetal. Remueve impurezas y grasa del cuero cabelludo, relajando los vasos sangu\u00edneos para estimular el crecimiento capilar y lograr un cabello mucho m\u00e1s suave, notablemente m\u00e1s grueso y fuerte.","og_url":"https:\/\/qebelabeauty.com\/index.php\/producto\/shampoo-menthol-ice\/","og_site_name":"Qe bela","article_modified_time":"2025-11-24T14:11:24+00:00","og_image":[{"width":800,"height":800,"url":"https:\/\/qebelabeauty.com\/wp-content\/uploads\/2025\/06\/menthol-ice-400.webp","type":"image\/webp"}],"twitter_card":"summary_large_image","twitter_misc":{"Tiempo de lectura":"1 minuto"},"schema":{"@context":"https:\/\/schema.org","@graph":[{"@type":"WebPage","@id":"https:\/\/qebelabeauty.com\/index.php\/producto\/shampoo-menthol-ice\/","url":"https:\/\/qebelabeauty.com\/index.php\/producto\/shampoo-menthol-ice\/","name":"Shampoo Menthol Ice - Qe bela","isPartOf":{"@id":"https:\/\/qebelabeauty.com\/#website"},"primaryImageOfPage":{"@id":"https:\/\/qebelabeauty.com\/index.php\/producto\/shampoo-menthol-ice\/#primaryimage"},"image":{"@id":"https:\/\/qebelabeauty.com\/index.php\/producto\/shampoo-menthol-ice\/#primaryimage"},"thumbnailUrl":"https:\/\/qebelabeauty.com\/wp-content\/uploads\/2025\/06\/menthol-ice-400.webp","datePublished":"2025-06-16T02:15:17+00:00","dateModified":"2025-11-24T14:11:24+00:00","breadcrumb":{"@id":"https:\/\/qebelabeauty.com\/index.php\/producto\/shampoo-menthol-ice\/#breadcrumb"},"inLanguage":"es","potentialAction":[{"@type":"ReadAction","target":["https:\/\/qebelabeauty.com\/index.php\/producto\/shampoo-menthol-ice\/"]}]},{"@type":"ImageObject","inLanguage":"es","@id":"https:\/\/qebelabeauty.com\/index.php\/producto\/shampoo-menthol-ice\/#primaryimage","url":"https:\/\/qebelabeauty.com\/wp-content\/uploads\/2025\/06\/menthol-ice-400.webp","contentUrl":"https:\/\/qebelabeauty.com\/wp-content\/uploads\/2025\/06\/menthol-ice-400.webp","width":800,"height":800},{"@type":"BreadcrumbList","@id":"https:\/\/qebelabeauty.com\/index.php\/producto\/shampoo-menthol-ice\/#breadcrumb","itemListElement":[{"@type":"ListItem","position":1,"name":"Portada","item":"https:\/\/qebelabeauty.com\/"},{"@type":"ListItem","position":2,"name":"Tiendita","item":"https:\/\/qebelabeauty.com\/index.php\/tienda-2\/"},{"@type":"ListItem","position":3,"name":"Shampoo Menthol Ice"}]},{"@type":"WebSite","@id":"https:\/\/qebelabeauty.com\/#website","url":"https:\/\/qebelabeauty.com\/","name":"Qe bela","description":"","publisher":{"@id":"https:\/\/qebelabeauty.com\/#organization"},"potentialAction":[{"@type":"SearchAction","target":{"@type":"EntryPoint","urlTemplate":"https:\/\/qebelabeauty.com\/?s={search_term_string}"},"query-input":{"@type":"PropertyValueSpecification","valueRequired":true,"valueName":"search_term_string"}}],"inLanguage":"es"},{"@type":"Organization","@id":"https:\/\/qebelabeauty.com\/#organization","name":"Qe bela","url":"https:\/\/qebelabeauty.com\/","logo":{"@type":"ImageObject","inLanguage":"es","@id":"https:\/\/qebelabeauty.com\/#\/schema\/logo\/image\/","url":"https:\/\/qebelabeauty.com\/wp-content\/uploads\/2025\/06\/cropped-Logo-Qe-Bela-PNG-e1749710723798.png","contentUrl":"https:\/\/qebelabeauty.com\/wp-content\/uploads\/2025\/06\/cropped-Logo-Qe-Bela-PNG-e1749710723798.png","width":525,"height":326,"caption":"Qe bela"},"image":{"@id":"https:\/\/qebelabeauty.com\/#\/schema\/logo\/image\/"}}]}},"jetpack_sharing_enabled":true,"_links":{"self":[{"href":"https:\/\/qebelabeauty.com\/index.php\/wp-json\/wp\/v2\/product\/736","targetHints":{"allow":["GET"]}}],"collection":[{"href":"https:\/\/qebelabeauty.com\/index.php\/wp-json\/wp\/v2\/product"}],"about":[{"href":"https:\/\/qebelabeauty.com\/index.php\/wp-json\/wp\/v2\/types\/product"}],"replies":[{"embeddable":true,"href":"https:\/\/qebelabeauty.com\/index.php\/wp-json\/wp\/v2\/comments?post=736"}],"wp:featuredmedia":[{"embeddable":true,"href":"https:\/\/qebelabeauty.com\/index.php\/wp-json\/wp\/v2\/media\/737"}],"wp:attachment":[{"href":"https:\/\/qebelabeauty.com\/index.php\/wp-json\/wp\/v2\/media?parent=736"}],"wp:term":[{"taxonomy":"product_brand","embeddable":true,"href":"https:\/\/qebelabeauty.com\/index.php\/wp-json\/wp\/v2\/product_brand?post=736"},{"taxonomy":"product_cat","embeddable":true,"href":"https:\/\/qebelabeauty.com\/index.php\/wp-json\/wp\/v2\/product_cat?post=736"},{"taxonomy":"product_tag","embeddable":true,"href":"https:\/\/qebelabeauty.com\/index.php\/wp-json\/wp\/v2\/product_tag?post=736"}],"curies":[{"name":"wp","href":"https:\/\/api.w.org\/{rel}","templated":true}]}}