{"id":705,"date":"2025-06-15T20:08:45","date_gmt":"2025-06-16T01:08:45","guid":{"rendered":"https:\/\/qebelabeauty.com\/?post_type=product&#038;p=705"},"modified":"2025-11-24T08:50:55","modified_gmt":"2025-11-24T13:50:55","slug":"essential-oil-shampoo","status":"publish","type":"product","link":"https:\/\/qebelabeauty.com\/index.php\/producto\/essential-oil-shampoo\/","title":{"rendered":"Essential Oil Shampoo"},"content":{"rendered":"<div id=\"title-ea21d1735a\" class=\"heliux-text__wrapper inpagenavigation__item limited-container skip-margins title1697059441215 \" data-type=\"h2\">\n<p class=\"heading2 apply-margins apply-font-style title__heading\"><strong><span class=\"heading5 apply-margins apply-font-style title__heading\">\u00bfQU\u00c9 HACE?<\/span><\/strong><\/p>\n<p class=\"heading2 apply-margins apply-font-style title__heading\">Proporciona una limpieza suave y nutrici\u00f3n.<\/p>\n<\/div>\n<div id=\"section-1b86a7b558\" class=\"section__content content limited-container customizations__section \">\n<p id=\"title-cb0b6921ca\" class=\"heliux-text__wrapper inpagenavigation__item limited-container skip-margins customizations__title \" data-type=\"span\"><strong><span class=\"heading5 apply-margins apply-font-style title__heading\">\u00bfPARA QUI\u00c9N?<\/span><\/strong><\/p>\n<p>Para personas con todo tipo de cabello.<\/p>\n<p id=\"title-60482f4aba\" class=\"heliux-text__wrapper inpagenavigation__item limited-container skip-margins customizations__title \" data-type=\"span\"><strong><span class=\"heading5 hide-if-empty-placeholder apply-margins apply-font-style title__heading\">\u00bfC\u00d3MO ACT\u00daA?<\/span><\/strong><\/p>\n<p>Desarrollado con una fusi\u00f3n de aceites naturales y una fragancia de larga duraci\u00f3n. Proporciona una limpieza suave y nutrici\u00f3n al cabello.<\/p>\n<div id=\"text-d01a08189a\" class=\"heliux-text__wrapper limited-container apply-margins customizations__text \" data-components=\"CopyToClipboard\" data-components-params-copytoclipboard=\"{ &quot;hoverMessage&quot;: &quot;&quot;, &quot;clickMessage&quot;: &quot;&quot; }\" data-components-params-limittext=\"{ &quot;useModal&quot;: false, &quot;XFContentPath&quot;: &quot;&quot; }\">\n<p id=\"title-b6e6adf588\" class=\"heliux-text__wrapper inpagenavigation__item limited-container skip-margins customizations__title \" data-type=\"span\"><strong><span class=\"heading5 hide-if-empty-placeholder apply-margins apply-font-style title__heading\">\u00bfQU\u00c8 CONTIENE?<\/span><\/strong><\/p>\n<div id=\"text-8787f3f213\" class=\"heliux-text__wrapper limited-container apply-margins text1696444710260 \" data-components=\"CopyToClipboard\" data-components-params-copytoclipboard=\"{ &quot;hoverMessage&quot;: &quot;&quot;, &quot;clickMessage&quot;: &quot;&quot; }\" data-components-params-limittext=\"{ &quot;useModal&quot;: false, &quot;XFContentPath&quot;: &quot;&quot; }\">\n<p><em>Aceite de Albaricoque \/ Aceite de Arg\u00e1n \/ Aceite de Ricino \/ Aceite de Germen de Trigo \/ Aceite de Higo Chumbo \/ Aceite Rosa Damascena \/ Amino\u00e1cidos de Queratina \/ Amino\u00e1cidos de Col\u00e1geno \/ Prote\u00edna Hidrolizada de Trigo.<\/em><\/p>\n<\/div>\n<\/div>\n<\/div>\n","protected":false},"excerpt":{"rendered":"<div id=\"text-badbb6e213\" class=\"heliux-text__wrapper limited-container apply-margins customizations__text \" data-components=\"CopyToClipboard\" data-components-params-copytoclipboard=\"{ &quot;hoverMessage&quot;: &quot;&quot;, &quot;clickMessage&quot;: &quot;&quot; }\" data-components-params-limittext=\"{ &quot;useModal&quot;: false, &quot;XFContentPath&quot;: &quot;&quot; }\">\n<p>Shampoo para personas con todo tipo de cabello.<\/p>\n<p>Desarrollado con una fusi\u00f3n de aceites naturales y una fragancia de larga duraci\u00f3n. Proporciona una limpieza suave y nutrici\u00f3n al cabello.<\/p>\n<\/div>\n","protected":false},"featured_media":706,"comment_status":"open","ping_status":"closed","template":"","meta":[],"product_brand":[28],"product_cat":[25],"product_tag":[],"class_list":{"0":"post-705","1":"product","2":"type-product","3":"status-publish","4":"has-post-thumbnail","6":"product_brand-tec-italy","7":"product_cat-shampoo","9":"first","10":"instock","11":"purchasable","12":"product-type-simple"},"yoast_head":"<!-- This site is optimized with the Yoast SEO plugin v26.2 - https:\/\/yoast.com\/wordpress\/plugins\/seo\/ -->\n<title>Essential Oil Shampoo - Qe bela<\/title>\n<meta name=\"robots\" content=\"index, follow, max-snippet:-1, max-image-preview:large, max-video-preview:-1\" \/>\n<link rel=\"canonical\" href=\"https:\/\/qebelabeauty.com\/index.php\/producto\/essential-oil-shampoo\/\" \/>\n<meta property=\"og:locale\" content=\"es_ES\" \/>\n<meta property=\"og:type\" content=\"article\" \/>\n<meta property=\"og:title\" content=\"Essential Oil Shampoo - Qe bela\" \/>\n<meta property=\"og:description\" content=\"Shampoo para personas con todo tipo de cabello.  Desarrollado con una fusi\u00f3n de aceites naturales y una fragancia de larga duraci\u00f3n. Proporciona una limpieza suave y nutrici\u00f3n al cabello.\" \/>\n<meta property=\"og:url\" content=\"https:\/\/qebelabeauty.com\/index.php\/producto\/essential-oil-shampoo\/\" \/>\n<meta property=\"og:site_name\" content=\"Qe bela\" \/>\n<meta property=\"article:modified_time\" content=\"2025-11-24T13:50:55+00:00\" \/>\n<meta property=\"og:image\" content=\"https:\/\/qebelabeauty.com\/wp-content\/uploads\/2025\/06\/essential-oil-sh-web-1.png\" \/>\n\t<meta property=\"og:image:width\" content=\"800\" \/>\n\t<meta property=\"og:image:height\" content=\"800\" \/>\n\t<meta property=\"og:image:type\" content=\"image\/png\" \/>\n<meta name=\"twitter:card\" content=\"summary_large_image\" \/>\n<script type=\"application\/ld+json\" class=\"yoast-schema-graph\">{\"@context\":\"https:\/\/schema.org\",\"@graph\":[{\"@type\":\"WebPage\",\"@id\":\"https:\/\/qebelabeauty.com\/index.php\/producto\/essential-oil-shampoo\/\",\"url\":\"https:\/\/qebelabeauty.com\/index.php\/producto\/essential-oil-shampoo\/\",\"name\":\"Essential Oil Shampoo - Qe bela\",\"isPartOf\":{\"@id\":\"https:\/\/qebelabeauty.com\/#website\"},\"primaryImageOfPage\":{\"@id\":\"https:\/\/qebelabeauty.com\/index.php\/producto\/essential-oil-shampoo\/#primaryimage\"},\"image\":{\"@id\":\"https:\/\/qebelabeauty.com\/index.php\/producto\/essential-oil-shampoo\/#primaryimage\"},\"thumbnailUrl\":\"https:\/\/qebelabeauty.com\/wp-content\/uploads\/2025\/06\/essential-oil-sh-web-1.png\",\"datePublished\":\"2025-06-16T01:08:45+00:00\",\"dateModified\":\"2025-11-24T13:50:55+00:00\",\"breadcrumb\":{\"@id\":\"https:\/\/qebelabeauty.com\/index.php\/producto\/essential-oil-shampoo\/#breadcrumb\"},\"inLanguage\":\"es\",\"potentialAction\":[{\"@type\":\"ReadAction\",\"target\":[\"https:\/\/qebelabeauty.com\/index.php\/producto\/essential-oil-shampoo\/\"]}]},{\"@type\":\"ImageObject\",\"inLanguage\":\"es\",\"@id\":\"https:\/\/qebelabeauty.com\/index.php\/producto\/essential-oil-shampoo\/#primaryimage\",\"url\":\"https:\/\/qebelabeauty.com\/wp-content\/uploads\/2025\/06\/essential-oil-sh-web-1.png\",\"contentUrl\":\"https:\/\/qebelabeauty.com\/wp-content\/uploads\/2025\/06\/essential-oil-sh-web-1.png\",\"width\":800,\"height\":800},{\"@type\":\"BreadcrumbList\",\"@id\":\"https:\/\/qebelabeauty.com\/index.php\/producto\/essential-oil-shampoo\/#breadcrumb\",\"itemListElement\":[{\"@type\":\"ListItem\",\"position\":1,\"name\":\"Portada\",\"item\":\"https:\/\/qebelabeauty.com\/\"},{\"@type\":\"ListItem\",\"position\":2,\"name\":\"Tiendita\",\"item\":\"https:\/\/qebelabeauty.com\/index.php\/tienda-2\/\"},{\"@type\":\"ListItem\",\"position\":3,\"name\":\"Essential Oil Shampoo\"}]},{\"@type\":\"WebSite\",\"@id\":\"https:\/\/qebelabeauty.com\/#website\",\"url\":\"https:\/\/qebelabeauty.com\/\",\"name\":\"Qe bela\",\"description\":\"\",\"publisher\":{\"@id\":\"https:\/\/qebelabeauty.com\/#organization\"},\"potentialAction\":[{\"@type\":\"SearchAction\",\"target\":{\"@type\":\"EntryPoint\",\"urlTemplate\":\"https:\/\/qebelabeauty.com\/?s={search_term_string}\"},\"query-input\":{\"@type\":\"PropertyValueSpecification\",\"valueRequired\":true,\"valueName\":\"search_term_string\"}}],\"inLanguage\":\"es\"},{\"@type\":\"Organization\",\"@id\":\"https:\/\/qebelabeauty.com\/#organization\",\"name\":\"Qe bela\",\"url\":\"https:\/\/qebelabeauty.com\/\",\"logo\":{\"@type\":\"ImageObject\",\"inLanguage\":\"es\",\"@id\":\"https:\/\/qebelabeauty.com\/#\/schema\/logo\/image\/\",\"url\":\"https:\/\/qebelabeauty.com\/wp-content\/uploads\/2025\/06\/cropped-Logo-Qe-Bela-PNG-e1749710723798.png\",\"contentUrl\":\"https:\/\/qebelabeauty.com\/wp-content\/uploads\/2025\/06\/cropped-Logo-Qe-Bela-PNG-e1749710723798.png\",\"width\":525,\"height\":326,\"caption\":\"Qe bela\"},\"image\":{\"@id\":\"https:\/\/qebelabeauty.com\/#\/schema\/logo\/image\/\"}}]}<\/script>\n<!-- \/ Yoast SEO plugin. -->","yoast_head_json":{"title":"Essential Oil Shampoo - Qe bela","robots":{"index":"index","follow":"follow","max-snippet":"max-snippet:-1","max-image-preview":"max-image-preview:large","max-video-preview":"max-video-preview:-1"},"canonical":"https:\/\/qebelabeauty.com\/index.php\/producto\/essential-oil-shampoo\/","og_locale":"es_ES","og_type":"article","og_title":"Essential Oil Shampoo - Qe bela","og_description":"Shampoo para personas con todo tipo de cabello.  Desarrollado con una fusi\u00f3n de aceites naturales y una fragancia de larga duraci\u00f3n. Proporciona una limpieza suave y nutrici\u00f3n al cabello.","og_url":"https:\/\/qebelabeauty.com\/index.php\/producto\/essential-oil-shampoo\/","og_site_name":"Qe bela","article_modified_time":"2025-11-24T13:50:55+00:00","og_image":[{"width":800,"height":800,"url":"https:\/\/qebelabeauty.com\/wp-content\/uploads\/2025\/06\/essential-oil-sh-web-1.png","type":"image\/png"}],"twitter_card":"summary_large_image","schema":{"@context":"https:\/\/schema.org","@graph":[{"@type":"WebPage","@id":"https:\/\/qebelabeauty.com\/index.php\/producto\/essential-oil-shampoo\/","url":"https:\/\/qebelabeauty.com\/index.php\/producto\/essential-oil-shampoo\/","name":"Essential Oil Shampoo - Qe bela","isPartOf":{"@id":"https:\/\/qebelabeauty.com\/#website"},"primaryImageOfPage":{"@id":"https:\/\/qebelabeauty.com\/index.php\/producto\/essential-oil-shampoo\/#primaryimage"},"image":{"@id":"https:\/\/qebelabeauty.com\/index.php\/producto\/essential-oil-shampoo\/#primaryimage"},"thumbnailUrl":"https:\/\/qebelabeauty.com\/wp-content\/uploads\/2025\/06\/essential-oil-sh-web-1.png","datePublished":"2025-06-16T01:08:45+00:00","dateModified":"2025-11-24T13:50:55+00:00","breadcrumb":{"@id":"https:\/\/qebelabeauty.com\/index.php\/producto\/essential-oil-shampoo\/#breadcrumb"},"inLanguage":"es","potentialAction":[{"@type":"ReadAction","target":["https:\/\/qebelabeauty.com\/index.php\/producto\/essential-oil-shampoo\/"]}]},{"@type":"ImageObject","inLanguage":"es","@id":"https:\/\/qebelabeauty.com\/index.php\/producto\/essential-oil-shampoo\/#primaryimage","url":"https:\/\/qebelabeauty.com\/wp-content\/uploads\/2025\/06\/essential-oil-sh-web-1.png","contentUrl":"https:\/\/qebelabeauty.com\/wp-content\/uploads\/2025\/06\/essential-oil-sh-web-1.png","width":800,"height":800},{"@type":"BreadcrumbList","@id":"https:\/\/qebelabeauty.com\/index.php\/producto\/essential-oil-shampoo\/#breadcrumb","itemListElement":[{"@type":"ListItem","position":1,"name":"Portada","item":"https:\/\/qebelabeauty.com\/"},{"@type":"ListItem","position":2,"name":"Tiendita","item":"https:\/\/qebelabeauty.com\/index.php\/tienda-2\/"},{"@type":"ListItem","position":3,"name":"Essential Oil Shampoo"}]},{"@type":"WebSite","@id":"https:\/\/qebelabeauty.com\/#website","url":"https:\/\/qebelabeauty.com\/","name":"Qe bela","description":"","publisher":{"@id":"https:\/\/qebelabeauty.com\/#organization"},"potentialAction":[{"@type":"SearchAction","target":{"@type":"EntryPoint","urlTemplate":"https:\/\/qebelabeauty.com\/?s={search_term_string}"},"query-input":{"@type":"PropertyValueSpecification","valueRequired":true,"valueName":"search_term_string"}}],"inLanguage":"es"},{"@type":"Organization","@id":"https:\/\/qebelabeauty.com\/#organization","name":"Qe bela","url":"https:\/\/qebelabeauty.com\/","logo":{"@type":"ImageObject","inLanguage":"es","@id":"https:\/\/qebelabeauty.com\/#\/schema\/logo\/image\/","url":"https:\/\/qebelabeauty.com\/wp-content\/uploads\/2025\/06\/cropped-Logo-Qe-Bela-PNG-e1749710723798.png","contentUrl":"https:\/\/qebelabeauty.com\/wp-content\/uploads\/2025\/06\/cropped-Logo-Qe-Bela-PNG-e1749710723798.png","width":525,"height":326,"caption":"Qe bela"},"image":{"@id":"https:\/\/qebelabeauty.com\/#\/schema\/logo\/image\/"}}]}},"jetpack_sharing_enabled":true,"_links":{"self":[{"href":"https:\/\/qebelabeauty.com\/index.php\/wp-json\/wp\/v2\/product\/705","targetHints":{"allow":["GET"]}}],"collection":[{"href":"https:\/\/qebelabeauty.com\/index.php\/wp-json\/wp\/v2\/product"}],"about":[{"href":"https:\/\/qebelabeauty.com\/index.php\/wp-json\/wp\/v2\/types\/product"}],"replies":[{"embeddable":true,"href":"https:\/\/qebelabeauty.com\/index.php\/wp-json\/wp\/v2\/comments?post=705"}],"wp:featuredmedia":[{"embeddable":true,"href":"https:\/\/qebelabeauty.com\/index.php\/wp-json\/wp\/v2\/media\/706"}],"wp:attachment":[{"href":"https:\/\/qebelabeauty.com\/index.php\/wp-json\/wp\/v2\/media?parent=705"}],"wp:term":[{"taxonomy":"product_brand","embeddable":true,"href":"https:\/\/qebelabeauty.com\/index.php\/wp-json\/wp\/v2\/product_brand?post=705"},{"taxonomy":"product_cat","embeddable":true,"href":"https:\/\/qebelabeauty.com\/index.php\/wp-json\/wp\/v2\/product_cat?post=705"},{"taxonomy":"product_tag","embeddable":true,"href":"https:\/\/qebelabeauty.com\/index.php\/wp-json\/wp\/v2\/product_tag?post=705"}],"curies":[{"name":"wp","href":"https:\/\/api.w.org\/{rel}","templated":true}]}}