{"id":23,"date":"2025-06-16T21:15:08","date_gmt":"2025-06-17T02:15:08","guid":{"rendered":"https:\/\/qebelabeauty.com\/?page_id=23"},"modified":"2025-06-16T21:15:59","modified_gmt":"2025-06-17T02:15:59","slug":"refund_returns","status":"publish","type":"page","link":"https:\/\/qebelabeauty.com\/index.php\/refund_returns\/","title":{"rendered":"Pol\u00edtica de devoluciones y reembolsos"},"content":{"rendered":"\t\t<div data-elementor-type=\"wp-page\" data-elementor-id=\"23\" class=\"elementor elementor-23\" data-elementor-post-type=\"page\">\n\t\t\t\t<div data-particle_enable=\"false\" data-particle-mobile-disabled=\"false\" class=\"elementor-element elementor-element-f588902 e-flex e-con-boxed e-con e-parent\" data-id=\"f588902\" data-element_type=\"container\">\n\t\t\t\t\t<div class=\"e-con-inner\">\n\t\t\t\t<div class=\"elementor-element elementor-element-37d16036 elementor-widget elementor-widget-text-editor\" data-id=\"37d16036\" data-element_type=\"widget\" data-widget_type=\"text-editor.default\">\n\t\t\t\t\t\t<div class=\"elementor-widget-container\">\n\t\t\t\t\t\t\t\t\t<h1 data-start=\"176\" data-end=\"210\">Pol\u00edtica de devoluciones y reembolsos<\/h1><h4 data-start=\"212\" data-end=\"223\"><strong data-start=\"212\" data-end=\"223\">Resumen<\/strong><\/h4><p data-start=\"225\" data-end=\"397\">Nuestra pol\u00edtica de reembolsos y devoluciones tiene una duraci\u00f3n de 30 d\u00edas. Si han pasado 30 d\u00edas desde tu compra, no podemos ofrecerte un reembolso completo ni un cambio.<\/p><p data-start=\"399\" data-end=\"561\">Para ser elegible para una devoluci\u00f3n, tu art\u00edculo debe estar sin usar y en las mismas condiciones en que lo recibiste. Tambi\u00e9n debe estar en su empaque original.<\/p><p data-start=\"563\" data-end=\"821\">Varios tipos de productos est\u00e1n exentos de ser devueltos. Los productos perecederos como alimentos, flores, peri\u00f3dicos o revistas no pueden ser devueltos. Tampoco aceptamos productos \u00edntimos o de higiene, materiales peligrosos o l\u00edquidos o gases inflamables.<\/p><h4 data-start=\"823\" data-end=\"875\"><strong data-start=\"823\" data-end=\"875\">Art\u00edculos adicionales que no se pueden devolver:<\/strong><\/h4><ul data-start=\"877\" data-end=\"988\"><li data-start=\"877\" data-end=\"899\"><p data-start=\"879\" data-end=\"899\">Tarjetas de regalo<\/p><\/li><li data-start=\"900\" data-end=\"938\"><p data-start=\"902\" data-end=\"938\">Productos de software descargables<\/p><\/li><li data-start=\"939\" data-end=\"988\"><p data-start=\"941\" data-end=\"988\">Algunos productos de salud y cuidado personal<\/p><\/li><\/ul><p data-start=\"990\" data-end=\"1065\">Para completar tu devoluci\u00f3n, requerimos un recibo o comprobante de compra.<\/p><p data-start=\"1067\" data-end=\"1122\">Por favor, no env\u00edes tu compra de vuelta al fabricante.<\/p><h4 data-start=\"1124\" data-end=\"1199\"><strong data-start=\"1124\" data-end=\"1199\">Existen ciertas situaciones donde solo se otorgan reembolsos parciales:<\/strong><\/h4><ul data-start=\"1201\" data-end=\"1551\"><li data-start=\"1201\" data-end=\"1240\"><p data-start=\"1203\" data-end=\"1240\">Libros con se\u00f1ales evidentes de uso<\/p><\/li><li data-start=\"1241\" data-end=\"1339\"><p data-start=\"1243\" data-end=\"1339\">CD, DVD, cintas VHS, software, videojuegos, casetes o discos de vinilo que hayan sido abiertos<\/p><\/li><li data-start=\"1340\" data-end=\"1475\"><p data-start=\"1342\" data-end=\"1475\">Cualquier art\u00edculo que no est\u00e9 en su condici\u00f3n original, est\u00e9 da\u00f1ado o le falten partes por razones que no se deban a nuestro error<\/p><\/li><li data-start=\"1476\" data-end=\"1551\"><p data-start=\"1478\" data-end=\"1551\">Cualquier art\u00edculo que se devuelva m\u00e1s de 30 d\u00edas despu\u00e9s de la entrega<\/p><\/li><\/ul><h4 data-start=\"1553\" data-end=\"1567\"><strong data-start=\"1553\" data-end=\"1567\">Reembolsos<\/strong><\/h4><p data-start=\"1569\" data-end=\"1768\">Una vez que recibamos e inspeccionemos tu devoluci\u00f3n, te enviaremos un correo electr\u00f3nico para notificarte que la hemos recibido. Tambi\u00e9n te informaremos si tu reembolso ha sido aprobado o rechazado.<\/p><p data-start=\"1770\" data-end=\"1948\">Si se aprueba, tu reembolso ser\u00e1 procesado y se aplicar\u00e1 autom\u00e1ticamente un cr\u00e9dito a tu tarjeta de cr\u00e9dito o m\u00e9todo de pago original, dentro de una cantidad determinada de d\u00edas.<\/p><h4 data-start=\"1950\" data-end=\"1984\"><strong data-start=\"1950\" data-end=\"1984\">Reembolsos tard\u00edos o faltantes<\/strong><\/h4><p data-start=\"1986\" data-end=\"2068\">Si a\u00fan no has recibido tu reembolso, primero revisa nuevamente tu cuenta bancaria.<\/p><p data-start=\"2070\" data-end=\"2201\">Luego contacta a tu compa\u00f1\u00eda de tarjeta de cr\u00e9dito, puede que tome alg\u00fan tiempo antes de que el reembolso se publique oficialmente.<\/p><p data-start=\"2203\" data-end=\"2310\">Despu\u00e9s, contacta a tu banco. A menudo hay un tiempo de procesamiento antes de que se refleje el reembolso.<\/p><p data-start=\"2312\" data-end=\"2416\">Si has hecho todo esto y a\u00fan no has recibido tu reembolso, por favor cont\u00e1ctanos a {correo electr\u00f3nico}.<\/p><h4 data-start=\"2418\" data-end=\"2441\"><strong data-start=\"2418\" data-end=\"2441\">Art\u00edculos en oferta<\/strong><\/h4><p data-start=\"2443\" data-end=\"2557\">Solo los art\u00edculos con precio regular pueden ser reembolsados. Los art\u00edculos en oferta no pueden ser reembolsados.<\/p><h4 data-start=\"2559\" data-end=\"2570\"><strong data-start=\"2559\" data-end=\"2570\">Cambios<\/strong><\/h4><p data-start=\"2572\" data-end=\"2774\">Solo reemplazamos art\u00edculos si est\u00e1n defectuosos o da\u00f1ados. Si necesitas cambiarlo por el mismo art\u00edculo, env\u00edanos un correo electr\u00f3nico a {correo electr\u00f3nico} y env\u00eda tu art\u00edculo a: {direcci\u00f3n f\u00edsica}.<\/p><h4 data-start=\"2776\" data-end=\"2787\"><strong data-start=\"2776\" data-end=\"2787\">Regalos<\/strong><\/h4><p data-start=\"2789\" data-end=\"3018\">Si el art\u00edculo fue marcado como regalo cuando se compr\u00f3 y se te envi\u00f3 directamente, recibir\u00e1s un cr\u00e9dito de regalo por el valor de tu devoluci\u00f3n. Una vez que recibamos el art\u00edculo devuelto, se te enviar\u00e1 un certificado de regalo.<\/p><p data-start=\"3020\" data-end=\"3255\">Si el art\u00edculo no fue marcado como regalo al momento de la compra, o si la persona que lo regal\u00f3 envi\u00f3 el pedido a s\u00ed misma para d\u00e1rtelo despu\u00e9s, enviaremos un reembolso al comprador del regalo y \u00e9l o ella se enterar\u00e1 de tu devoluci\u00f3n.<\/p><h4 data-start=\"3257\" data-end=\"3283\"><strong data-start=\"3257\" data-end=\"3283\">Devoluciones por env\u00edo<\/strong><\/h4><p data-start=\"3285\" data-end=\"3349\">Para devolver tu producto, debes enviarlo a: {direcci\u00f3n f\u00edsica}.<\/p><p data-start=\"3351\" data-end=\"3561\">Ser\u00e1s responsable de pagar tus propios costos de env\u00edo para devolver el art\u00edculo. Los costos de env\u00edo no son reembolsables. Si recibes un reembolso, el costo del env\u00edo de devoluci\u00f3n se deducir\u00e1 de tu reembolso.<\/p><p data-start=\"3563\" data-end=\"3652\">Dependiendo de d\u00f3nde vivas, el tiempo que tome recibir tu producto cambiado puede variar.<\/p><p data-start=\"3654\" data-end=\"3825\">Si est\u00e1s devolviendo art\u00edculos costosos, considera usar un servicio de env\u00edo rastreable o comprar un seguro de env\u00edo. No garantizamos que recibiremos tu art\u00edculo devuelto.<\/p><h4 data-start=\"3827\" data-end=\"3848\"><strong data-start=\"3827\" data-end=\"3848\">\u00bfNecesitas ayuda?<\/strong><\/h4><p data-start=\"3850\" data-end=\"3951\">Cont\u00e1ctanos a qebela.ec@gmail.com para cualquier pregunta relacionada con reembolsos y devoluciones.<\/p>\t\t\t\t\t\t\t\t<\/div>\n\t\t\t\t<\/div>\n\t\t\t\t\t<\/div>\n\t\t\t\t<\/div>\n\t\t\t\t<\/div>\n\t\t","protected":false},"excerpt":{"rendered":"<p>Pol\u00edtica de devoluciones y reembolsos Resumen Nuestra pol\u00edtica de reembolsos y devoluciones tiene una duraci\u00f3n de 30 d\u00edas. Si han pasado 30 d\u00edas desde tu compra, no podemos ofrecerte un reembolso completo ni un cambio. Para ser elegible para una devoluci\u00f3n, tu art\u00edculo debe estar sin usar y en las mismas condiciones en que lo [&hellip;]<\/p>\n","protected":false},"author":1,"featured_media":0,"parent":0,"menu_order":0,"comment_status":"closed","ping_status":"closed","template":"elementor_header_footer","meta":{"footnotes":""},"class_list":["post-23","page","type-page","status-publish","hentry"],"yoast_head":"<!-- This site is optimized with the Yoast SEO plugin v26.2 - https:\/\/yoast.com\/wordpress\/plugins\/seo\/ -->\n<title>Pol\u00edtica de devoluciones y reembolsos - Qe bela<\/title>\n<meta name=\"robots\" content=\"index, follow, max-snippet:-1, max-image-preview:large, max-video-preview:-1\" \/>\n<link rel=\"canonical\" href=\"https:\/\/qebelabeauty.com\/index.php\/refund_returns\/\" \/>\n<meta property=\"og:locale\" content=\"es_ES\" \/>\n<meta property=\"og:type\" content=\"article\" \/>\n<meta property=\"og:title\" content=\"Pol\u00edtica de devoluciones y reembolsos - Qe bela\" \/>\n<meta property=\"og:description\" content=\"Pol\u00edtica de devoluciones y reembolsos Resumen Nuestra pol\u00edtica de reembolsos y devoluciones tiene una duraci\u00f3n de 30 d\u00edas. Si han pasado 30 d\u00edas desde tu compra, no podemos ofrecerte un reembolso completo ni un cambio. Para ser elegible para una devoluci\u00f3n, tu art\u00edculo debe estar sin usar y en las mismas condiciones en que lo [&hellip;]\" \/>\n<meta property=\"og:url\" content=\"https:\/\/qebelabeauty.com\/index.php\/refund_returns\/\" \/>\n<meta property=\"og:site_name\" content=\"Qe bela\" \/>\n<meta property=\"article:modified_time\" content=\"2025-06-17T02:15:59+00:00\" \/>\n<meta name=\"twitter:card\" content=\"summary_large_image\" \/>\n<meta name=\"twitter:label1\" content=\"Tiempo de lectura\" \/>\n\t<meta name=\"twitter:data1\" content=\"3 minutos\" \/>\n<script type=\"application\/ld+json\" class=\"yoast-schema-graph\">{\"@context\":\"https:\/\/schema.org\",\"@graph\":[{\"@type\":\"WebPage\",\"@id\":\"https:\/\/qebelabeauty.com\/index.php\/refund_returns\/\",\"url\":\"https:\/\/qebelabeauty.com\/index.php\/refund_returns\/\",\"name\":\"Pol\u00edtica de devoluciones y reembolsos - Qe bela\",\"isPartOf\":{\"@id\":\"https:\/\/qebelabeauty.com\/#website\"},\"datePublished\":\"2025-06-17T02:15:08+00:00\",\"dateModified\":\"2025-06-17T02:15:59+00:00\",\"breadcrumb\":{\"@id\":\"https:\/\/qebelabeauty.com\/index.php\/refund_returns\/#breadcrumb\"},\"inLanguage\":\"es\",\"potentialAction\":[{\"@type\":\"ReadAction\",\"target\":[\"https:\/\/qebelabeauty.com\/index.php\/refund_returns\/\"]}]},{\"@type\":\"BreadcrumbList\",\"@id\":\"https:\/\/qebelabeauty.com\/index.php\/refund_returns\/#breadcrumb\",\"itemListElement\":[{\"@type\":\"ListItem\",\"position\":1,\"name\":\"Portada\",\"item\":\"https:\/\/qebelabeauty.com\/\"},{\"@type\":\"ListItem\",\"position\":2,\"name\":\"Pol\u00edtica de devoluciones y reembolsos\"}]},{\"@type\":\"WebSite\",\"@id\":\"https:\/\/qebelabeauty.com\/#website\",\"url\":\"https:\/\/qebelabeauty.com\/\",\"name\":\"Qe bela\",\"description\":\"\",\"publisher\":{\"@id\":\"https:\/\/qebelabeauty.com\/#organization\"},\"potentialAction\":[{\"@type\":\"SearchAction\",\"target\":{\"@type\":\"EntryPoint\",\"urlTemplate\":\"https:\/\/qebelabeauty.com\/?s={search_term_string}\"},\"query-input\":{\"@type\":\"PropertyValueSpecification\",\"valueRequired\":true,\"valueName\":\"search_term_string\"}}],\"inLanguage\":\"es\"},{\"@type\":\"Organization\",\"@id\":\"https:\/\/qebelabeauty.com\/#organization\",\"name\":\"Qe bela\",\"url\":\"https:\/\/qebelabeauty.com\/\",\"logo\":{\"@type\":\"ImageObject\",\"inLanguage\":\"es\",\"@id\":\"https:\/\/qebelabeauty.com\/#\/schema\/logo\/image\/\",\"url\":\"https:\/\/qebelabeauty.com\/wp-content\/uploads\/2025\/06\/cropped-Logo-Qe-Bela-PNG-e1749710723798.png\",\"contentUrl\":\"https:\/\/qebelabeauty.com\/wp-content\/uploads\/2025\/06\/cropped-Logo-Qe-Bela-PNG-e1749710723798.png\",\"width\":525,\"height\":326,\"caption\":\"Qe bela\"},\"image\":{\"@id\":\"https:\/\/qebelabeauty.com\/#\/schema\/logo\/image\/\"}}]}<\/script>\n<!-- \/ Yoast SEO plugin. -->","yoast_head_json":{"title":"Pol\u00edtica de devoluciones y reembolsos - Qe bela","robots":{"index":"index","follow":"follow","max-snippet":"max-snippet:-1","max-image-preview":"max-image-preview:large","max-video-preview":"max-video-preview:-1"},"canonical":"https:\/\/qebelabeauty.com\/index.php\/refund_returns\/","og_locale":"es_ES","og_type":"article","og_title":"Pol\u00edtica de devoluciones y reembolsos - Qe bela","og_description":"Pol\u00edtica de devoluciones y reembolsos Resumen Nuestra pol\u00edtica de reembolsos y devoluciones tiene una duraci\u00f3n de 30 d\u00edas. Si han pasado 30 d\u00edas desde tu compra, no podemos ofrecerte un reembolso completo ni un cambio. Para ser elegible para una devoluci\u00f3n, tu art\u00edculo debe estar sin usar y en las mismas condiciones en que lo [&hellip;]","og_url":"https:\/\/qebelabeauty.com\/index.php\/refund_returns\/","og_site_name":"Qe bela","article_modified_time":"2025-06-17T02:15:59+00:00","twitter_card":"summary_large_image","twitter_misc":{"Tiempo de lectura":"3 minutos"},"schema":{"@context":"https:\/\/schema.org","@graph":[{"@type":"WebPage","@id":"https:\/\/qebelabeauty.com\/index.php\/refund_returns\/","url":"https:\/\/qebelabeauty.com\/index.php\/refund_returns\/","name":"Pol\u00edtica de devoluciones y reembolsos - Qe bela","isPartOf":{"@id":"https:\/\/qebelabeauty.com\/#website"},"datePublished":"2025-06-17T02:15:08+00:00","dateModified":"2025-06-17T02:15:59+00:00","breadcrumb":{"@id":"https:\/\/qebelabeauty.com\/index.php\/refund_returns\/#breadcrumb"},"inLanguage":"es","potentialAction":[{"@type":"ReadAction","target":["https:\/\/qebelabeauty.com\/index.php\/refund_returns\/"]}]},{"@type":"BreadcrumbList","@id":"https:\/\/qebelabeauty.com\/index.php\/refund_returns\/#breadcrumb","itemListElement":[{"@type":"ListItem","position":1,"name":"Portada","item":"https:\/\/qebelabeauty.com\/"},{"@type":"ListItem","position":2,"name":"Pol\u00edtica de devoluciones y reembolsos"}]},{"@type":"WebSite","@id":"https:\/\/qebelabeauty.com\/#website","url":"https:\/\/qebelabeauty.com\/","name":"Qe bela","description":"","publisher":{"@id":"https:\/\/qebelabeauty.com\/#organization"},"potentialAction":[{"@type":"SearchAction","target":{"@type":"EntryPoint","urlTemplate":"https:\/\/qebelabeauty.com\/?s={search_term_string}"},"query-input":{"@type":"PropertyValueSpecification","valueRequired":true,"valueName":"search_term_string"}}],"inLanguage":"es"},{"@type":"Organization","@id":"https:\/\/qebelabeauty.com\/#organization","name":"Qe bela","url":"https:\/\/qebelabeauty.com\/","logo":{"@type":"ImageObject","inLanguage":"es","@id":"https:\/\/qebelabeauty.com\/#\/schema\/logo\/image\/","url":"https:\/\/qebelabeauty.com\/wp-content\/uploads\/2025\/06\/cropped-Logo-Qe-Bela-PNG-e1749710723798.png","contentUrl":"https:\/\/qebelabeauty.com\/wp-content\/uploads\/2025\/06\/cropped-Logo-Qe-Bela-PNG-e1749710723798.png","width":525,"height":326,"caption":"Qe bela"},"image":{"@id":"https:\/\/qebelabeauty.com\/#\/schema\/logo\/image\/"}}]}},"jetpack_sharing_enabled":true,"_links":{"self":[{"href":"https:\/\/qebelabeauty.com\/index.php\/wp-json\/wp\/v2\/pages\/23","targetHints":{"allow":["GET"]}}],"collection":[{"href":"https:\/\/qebelabeauty.com\/index.php\/wp-json\/wp\/v2\/pages"}],"about":[{"href":"https:\/\/qebelabeauty.com\/index.php\/wp-json\/wp\/v2\/types\/page"}],"author":[{"embeddable":true,"href":"https:\/\/qebelabeauty.com\/index.php\/wp-json\/wp\/v2\/users\/1"}],"replies":[{"embeddable":true,"href":"https:\/\/qebelabeauty.com\/index.php\/wp-json\/wp\/v2\/comments?post=23"}],"version-history":[{"count":5,"href":"https:\/\/qebelabeauty.com\/index.php\/wp-json\/wp\/v2\/pages\/23\/revisions"}],"predecessor-version":[{"id":1161,"href":"https:\/\/qebelabeauty.com\/index.php\/wp-json\/wp\/v2\/pages\/23\/revisions\/1161"}],"wp:attachment":[{"href":"https:\/\/qebelabeauty.com\/index.php\/wp-json\/wp\/v2\/media?parent=23"}],"curies":[{"name":"wp","href":"https:\/\/api.w.org\/{rel}","templated":true}]}}