{"id":1149,"date":"2025-06-16T21:06:45","date_gmt":"2025-06-17T02:06:45","guid":{"rendered":"https:\/\/qebelabeauty.com\/?page_id=1149"},"modified":"2025-06-16T22:02:58","modified_gmt":"2025-06-17T03:02:58","slug":"terminos-y-condiciones","status":"publish","type":"page","link":"https:\/\/qebelabeauty.com\/index.php\/terminos-y-condiciones\/","title":{"rendered":"T\u00e9rminos y Condiciones"},"content":{"rendered":"\t\t<div data-elementor-type=\"wp-page\" data-elementor-id=\"1149\" class=\"elementor elementor-1149\" data-elementor-post-type=\"page\">\n\t\t\t\t<div data-particle_enable=\"false\" data-particle-mobile-disabled=\"false\" class=\"elementor-element elementor-element-1af29413 e-flex e-con-boxed e-con e-parent\" data-id=\"1af29413\" data-element_type=\"container\">\n\t\t\t\t\t<div class=\"e-con-inner\">\n\t\t\t\t<div class=\"elementor-element elementor-element-75d0dc16 elementor-widget elementor-widget-text-editor\" data-id=\"75d0dc16\" data-element_type=\"widget\" data-widget_type=\"text-editor.default\">\n\t\t\t\t\t\t<div class=\"elementor-widget-container\">\n\t\t\t\t\t\t\t\t\t<h1 class=\"whitespace-pre-wrap text-sm bg-muted\/50 p-4 rounded-md\">T\u00e9rminos y Condiciones de Qe bela<\/h1><h4 class=\"whitespace-pre-wrap text-sm bg-muted\/50 p-4 rounded-md\">1. Informaci\u00f3n General<\/h4><p class=\"whitespace-pre-wrap text-sm bg-muted\/50 p-4 rounded-md\">Este sitio web es operado por Qe bela. En todo el sitio, los t\u00e9rminos \u00abnosotros\u00bb, \u00abnos\u00bb y \u00abnuestro\u00bb se refieren a Qe bela. Sitio web: https:\/\/qebelabeauty.com Email de contacto: qebela.ec@gmail.com Direcci\u00f3n: Av. Diego Vasquez de Cepeda<\/p><h4 class=\"whitespace-pre-wrap text-sm bg-muted\/50 p-4 rounded-md\">2. Productos y Servicios<\/h4><p class=\"whitespace-pre-wrap text-sm bg-muted\/50 p-4 rounded-md\">Nos esforzamos por mostrar con la mayor precisi\u00f3n los colores y las im\u00e1genes de nuestros productos que aparecen en la tienda. No podemos garantizar que la visualizaci\u00f3n de cualquier color en su monitor sea exacta.<\/p><h4 class=\"whitespace-pre-wrap text-sm bg-muted\/50 p-4 rounded-md\">3. Precios y Pagos<\/h4><p class=\"whitespace-pre-wrap text-sm bg-muted\/50 p-4 rounded-md\">Todos los precios est\u00e1n sujetos a cambios sin previo aviso. Los precios mostrados incluyen IVA cuando corresponda.<\/p><h4 class=\"whitespace-pre-wrap text-sm bg-muted\/50 p-4 rounded-md\">4. Env\u00edos<\/h4><p class=\"whitespace-pre-wrap text-sm bg-muted\/50 p-4 rounded-md\">El tiempo estimado de env\u00edo es de 3-5 d\u00edas h\u00e1biles. Los tiempos de entrega son estimados y no podemos garantizar entregas en fechas espec\u00edficas.<\/p><h4 class=\"whitespace-pre-wrap text-sm bg-muted\/50 p-4 rounded-md\">5. Pol\u00edtica de Devoluciones<\/h4><p class=\"whitespace-pre-wrap text-sm bg-muted\/50 p-4 rounded-md\">Aceptamos devoluciones dentro de los 15 d\u00edas posteriores a la recepci\u00f3n del producto.<\/p><h4 class=\"whitespace-pre-wrap text-sm bg-muted\/50 p-4 rounded-md\">5.1 Procedimiento de Devoluci\u00f3n<\/h4><p class=\"whitespace-pre-wrap text-sm bg-muted\/50 p-4 rounded-md\">1. Devoluci\u00f3n del dinero (solo aplica para casos de garant\u00eda y ley de retracto): &#8211; A trav\u00e9s de transferencia (cuenta de ahorros, cuenta corriente, ahorro a la mano): se realiza aproximadamente dentro de los cinco d\u00edas h\u00e1biles siguientes de recibir el producto nuevamente en nuestra bodega. &#8211; A trav\u00e9s de reversi\u00f3n del pago: quince d\u00edas h\u00e1biles despu\u00e9s de recibir el producto en nuestra bodega. \u00c9sta reversi\u00f3n corre por cuenta y orden de tu entidad bancaria, cualquier duda debes comunicarte directamente con ellos. &#8211; Cambio del producto (Sujeto a disponibilidad de inventario en el momento del cambio). S\u00f3lo se podr\u00e1n realizar cambios por productos con valor igual o inferior al original y la diferencia en caso de aplicar, se entregar\u00e1 en un cup\u00f3n para una nueva compra en la tienda online. En caso de no contar con disponibilidad para el cambio, se entregar\u00e1 el valor del producto(s) en un cup\u00f3n para una nueva compra. &#8211; Cup\u00f3n para realizar una nueva compra (Este cup\u00f3n tiene validez por seis meses a partir de la fecha de creaci\u00f3n).<\/p><p class=\"whitespace-pre-wrap text-sm bg-muted\/50 p-4 rounded-md\">2. Cambio del producto (Sujeto a disponibilidad de inventario en el momento del cambio). S\u00f3lo se podr\u00e1n realizar cambios por productos con valor igual o inferior al original y la diferencia en caso de aplicar, se entregar\u00e1 en un cup\u00f3n para una nueva compra en la tienda online. En caso de no contar con disponibilidad para el cambio, se entregar\u00e1 el valor del producto(s) en un cup\u00f3n para una nueva compra.<\/p><p class=\"whitespace-pre-wrap text-sm bg-muted\/50 p-4 rounded-md\">3. Cup\u00f3n para realizar una nueva compra (Este cup\u00f3n tiene validez por seis meses a partir de la fecha de creaci\u00f3n).<\/p><h4 class=\"whitespace-pre-wrap text-sm bg-muted\/50 p-4 rounded-md\">5.2 Condiciones del Producto para Devoluci\u00f3n<\/h4><p class=\"whitespace-pre-wrap text-sm bg-muted\/50 p-4 rounded-md\">El producto deber\u00e1 devolverse en \u00f3ptimas condiciones, sin rastros de haber sido utilizado, con las etiquetas originales o en su defecto, si ya fueron retiradas, debes introducirlas en el empaque. Una vez recibido el producto en nuestra bodega, verificaremos las condiciones del mismo y de acuerdo con los resultados, se te enviar\u00e1 un producto nuevo o se te entregar\u00e1 un cup\u00f3n para una nueva compra.<\/p><h4 class=\"whitespace-pre-wrap text-sm bg-muted\/50 p-4 rounded-md\">6. Privacidad de Protecci\u00f3n de Datos<\/h4><p class=\"whitespace-pre-wrap text-sm bg-muted\/50 p-4 rounded-md\">Nos comprometemos a proteger su privacidad. La informaci\u00f3n personal que nos proporcione se utilizar\u00e1 \u00fanicamente para procesar su pedido y mejorar su experiencia de compra.<\/p><h4 class=\"whitespace-pre-wrap text-sm bg-muted\/50 p-4 rounded-md\">7. Modificaciones de los T\u00e9rminos<\/h4><p class=\"whitespace-pre-wrap text-sm bg-muted\/50 p-4 rounded-md\">Nos reservamos el derecho de modificar estos t\u00e9rminos en cualquier momento. Los cambios entrar\u00e1n en vigor inmediatamente despu\u00e9s de su publicaci\u00f3n en el sitio web. \u00daltima actualizaci\u00f3n: 16\/6\/2025<\/p>\t\t\t\t\t\t\t\t<\/div>\n\t\t\t\t<\/div>\n\t\t\t\t\t<\/div>\n\t\t\t\t<\/div>\n\t\t\t\t<\/div>\n\t\t","protected":false},"excerpt":{"rendered":"<p>T\u00e9rminos y Condiciones de Qe bela 1. Informaci\u00f3n General Este sitio web es operado por Qe bela. En todo el sitio, los t\u00e9rminos \u00abnosotros\u00bb, \u00abnos\u00bb y \u00abnuestro\u00bb se refieren a Qe bela. Sitio web: https:\/\/qebelabeauty.com Email de contacto: qebela.ec@gmail.com Direcci\u00f3n: Av. Diego Vasquez de Cepeda 2. Productos y Servicios Nos esforzamos por mostrar con la [&hellip;]<\/p>\n","protected":false},"author":1,"featured_media":0,"parent":0,"menu_order":0,"comment_status":"closed","ping_status":"closed","template":"elementor_header_footer","meta":{"footnotes":""},"class_list":["post-1149","page","type-page","status-publish","hentry"],"yoast_head":"<!-- This site is optimized with the Yoast SEO plugin v26.2 - https:\/\/yoast.com\/wordpress\/plugins\/seo\/ -->\n<title>T\u00e9rminos y Condiciones - Qe bela<\/title>\n<meta name=\"robots\" content=\"index, follow, max-snippet:-1, max-image-preview:large, max-video-preview:-1\" \/>\n<link rel=\"canonical\" href=\"https:\/\/qebelabeauty.com\/index.php\/terminos-y-condiciones\/\" \/>\n<meta property=\"og:locale\" content=\"es_ES\" \/>\n<meta property=\"og:type\" content=\"article\" \/>\n<meta property=\"og:title\" content=\"T\u00e9rminos y Condiciones - Qe bela\" \/>\n<meta property=\"og:description\" content=\"T\u00e9rminos y Condiciones de Qe bela 1. Informaci\u00f3n General Este sitio web es operado por Qe bela. En todo el sitio, los t\u00e9rminos \u00abnosotros\u00bb, \u00abnos\u00bb y \u00abnuestro\u00bb se refieren a Qe bela. Sitio web: https:\/\/qebelabeauty.com Email de contacto: qebela.ec@gmail.com Direcci\u00f3n: Av. Diego Vasquez de Cepeda 2. Productos y Servicios Nos esforzamos por mostrar con la [&hellip;]\" \/>\n<meta property=\"og:url\" content=\"https:\/\/qebelabeauty.com\/index.php\/terminos-y-condiciones\/\" \/>\n<meta property=\"og:site_name\" content=\"Qe bela\" \/>\n<meta property=\"article:modified_time\" content=\"2025-06-17T03:02:58+00:00\" \/>\n<meta name=\"twitter:card\" content=\"summary_large_image\" \/>\n<meta name=\"twitter:label1\" content=\"Tiempo de lectura\" \/>\n\t<meta name=\"twitter:data1\" content=\"3 minutos\" \/>\n<script type=\"application\/ld+json\" class=\"yoast-schema-graph\">{\"@context\":\"https:\/\/schema.org\",\"@graph\":[{\"@type\":\"WebPage\",\"@id\":\"https:\/\/qebelabeauty.com\/index.php\/terminos-y-condiciones\/\",\"url\":\"https:\/\/qebelabeauty.com\/index.php\/terminos-y-condiciones\/\",\"name\":\"T\u00e9rminos y Condiciones - Qe bela\",\"isPartOf\":{\"@id\":\"https:\/\/qebelabeauty.com\/#website\"},\"datePublished\":\"2025-06-17T02:06:45+00:00\",\"dateModified\":\"2025-06-17T03:02:58+00:00\",\"breadcrumb\":{\"@id\":\"https:\/\/qebelabeauty.com\/index.php\/terminos-y-condiciones\/#breadcrumb\"},\"inLanguage\":\"es\",\"potentialAction\":[{\"@type\":\"ReadAction\",\"target\":[\"https:\/\/qebelabeauty.com\/index.php\/terminos-y-condiciones\/\"]}]},{\"@type\":\"BreadcrumbList\",\"@id\":\"https:\/\/qebelabeauty.com\/index.php\/terminos-y-condiciones\/#breadcrumb\",\"itemListElement\":[{\"@type\":\"ListItem\",\"position\":1,\"name\":\"Portada\",\"item\":\"https:\/\/qebelabeauty.com\/\"},{\"@type\":\"ListItem\",\"position\":2,\"name\":\"T\u00e9rminos y Condiciones\"}]},{\"@type\":\"WebSite\",\"@id\":\"https:\/\/qebelabeauty.com\/#website\",\"url\":\"https:\/\/qebelabeauty.com\/\",\"name\":\"Qe bela\",\"description\":\"\",\"publisher\":{\"@id\":\"https:\/\/qebelabeauty.com\/#organization\"},\"potentialAction\":[{\"@type\":\"SearchAction\",\"target\":{\"@type\":\"EntryPoint\",\"urlTemplate\":\"https:\/\/qebelabeauty.com\/?s={search_term_string}\"},\"query-input\":{\"@type\":\"PropertyValueSpecification\",\"valueRequired\":true,\"valueName\":\"search_term_string\"}}],\"inLanguage\":\"es\"},{\"@type\":\"Organization\",\"@id\":\"https:\/\/qebelabeauty.com\/#organization\",\"name\":\"Qe bela\",\"url\":\"https:\/\/qebelabeauty.com\/\",\"logo\":{\"@type\":\"ImageObject\",\"inLanguage\":\"es\",\"@id\":\"https:\/\/qebelabeauty.com\/#\/schema\/logo\/image\/\",\"url\":\"https:\/\/qebelabeauty.com\/wp-content\/uploads\/2025\/06\/cropped-Logo-Qe-Bela-PNG-e1749710723798.png\",\"contentUrl\":\"https:\/\/qebelabeauty.com\/wp-content\/uploads\/2025\/06\/cropped-Logo-Qe-Bela-PNG-e1749710723798.png\",\"width\":525,\"height\":326,\"caption\":\"Qe bela\"},\"image\":{\"@id\":\"https:\/\/qebelabeauty.com\/#\/schema\/logo\/image\/\"}}]}<\/script>\n<!-- \/ Yoast SEO plugin. -->","yoast_head_json":{"title":"T\u00e9rminos y Condiciones - Qe bela","robots":{"index":"index","follow":"follow","max-snippet":"max-snippet:-1","max-image-preview":"max-image-preview:large","max-video-preview":"max-video-preview:-1"},"canonical":"https:\/\/qebelabeauty.com\/index.php\/terminos-y-condiciones\/","og_locale":"es_ES","og_type":"article","og_title":"T\u00e9rminos y Condiciones - Qe bela","og_description":"T\u00e9rminos y Condiciones de Qe bela 1. Informaci\u00f3n General Este sitio web es operado por Qe bela. En todo el sitio, los t\u00e9rminos \u00abnosotros\u00bb, \u00abnos\u00bb y \u00abnuestro\u00bb se refieren a Qe bela. Sitio web: https:\/\/qebelabeauty.com Email de contacto: qebela.ec@gmail.com Direcci\u00f3n: Av. Diego Vasquez de Cepeda 2. Productos y Servicios Nos esforzamos por mostrar con la [&hellip;]","og_url":"https:\/\/qebelabeauty.com\/index.php\/terminos-y-condiciones\/","og_site_name":"Qe bela","article_modified_time":"2025-06-17T03:02:58+00:00","twitter_card":"summary_large_image","twitter_misc":{"Tiempo de lectura":"3 minutos"},"schema":{"@context":"https:\/\/schema.org","@graph":[{"@type":"WebPage","@id":"https:\/\/qebelabeauty.com\/index.php\/terminos-y-condiciones\/","url":"https:\/\/qebelabeauty.com\/index.php\/terminos-y-condiciones\/","name":"T\u00e9rminos y Condiciones - Qe bela","isPartOf":{"@id":"https:\/\/qebelabeauty.com\/#website"},"datePublished":"2025-06-17T02:06:45+00:00","dateModified":"2025-06-17T03:02:58+00:00","breadcrumb":{"@id":"https:\/\/qebelabeauty.com\/index.php\/terminos-y-condiciones\/#breadcrumb"},"inLanguage":"es","potentialAction":[{"@type":"ReadAction","target":["https:\/\/qebelabeauty.com\/index.php\/terminos-y-condiciones\/"]}]},{"@type":"BreadcrumbList","@id":"https:\/\/qebelabeauty.com\/index.php\/terminos-y-condiciones\/#breadcrumb","itemListElement":[{"@type":"ListItem","position":1,"name":"Portada","item":"https:\/\/qebelabeauty.com\/"},{"@type":"ListItem","position":2,"name":"T\u00e9rminos y Condiciones"}]},{"@type":"WebSite","@id":"https:\/\/qebelabeauty.com\/#website","url":"https:\/\/qebelabeauty.com\/","name":"Qe bela","description":"","publisher":{"@id":"https:\/\/qebelabeauty.com\/#organization"},"potentialAction":[{"@type":"SearchAction","target":{"@type":"EntryPoint","urlTemplate":"https:\/\/qebelabeauty.com\/?s={search_term_string}"},"query-input":{"@type":"PropertyValueSpecification","valueRequired":true,"valueName":"search_term_string"}}],"inLanguage":"es"},{"@type":"Organization","@id":"https:\/\/qebelabeauty.com\/#organization","name":"Qe bela","url":"https:\/\/qebelabeauty.com\/","logo":{"@type":"ImageObject","inLanguage":"es","@id":"https:\/\/qebelabeauty.com\/#\/schema\/logo\/image\/","url":"https:\/\/qebelabeauty.com\/wp-content\/uploads\/2025\/06\/cropped-Logo-Qe-Bela-PNG-e1749710723798.png","contentUrl":"https:\/\/qebelabeauty.com\/wp-content\/uploads\/2025\/06\/cropped-Logo-Qe-Bela-PNG-e1749710723798.png","width":525,"height":326,"caption":"Qe bela"},"image":{"@id":"https:\/\/qebelabeauty.com\/#\/schema\/logo\/image\/"}}]}},"jetpack_sharing_enabled":true,"_links":{"self":[{"href":"https:\/\/qebelabeauty.com\/index.php\/wp-json\/wp\/v2\/pages\/1149","targetHints":{"allow":["GET"]}}],"collection":[{"href":"https:\/\/qebelabeauty.com\/index.php\/wp-json\/wp\/v2\/pages"}],"about":[{"href":"https:\/\/qebelabeauty.com\/index.php\/wp-json\/wp\/v2\/types\/page"}],"author":[{"embeddable":true,"href":"https:\/\/qebelabeauty.com\/index.php\/wp-json\/wp\/v2\/users\/1"}],"replies":[{"embeddable":true,"href":"https:\/\/qebelabeauty.com\/index.php\/wp-json\/wp\/v2\/comments?post=1149"}],"version-history":[{"count":7,"href":"https:\/\/qebelabeauty.com\/index.php\/wp-json\/wp\/v2\/pages\/1149\/revisions"}],"predecessor-version":[{"id":1174,"href":"https:\/\/qebelabeauty.com\/index.php\/wp-json\/wp\/v2\/pages\/1149\/revisions\/1174"}],"wp:attachment":[{"href":"https:\/\/qebelabeauty.com\/index.php\/wp-json\/wp\/v2\/media?parent=1149"}],"curies":[{"name":"wp","href":"https:\/\/api.w.org\/{rel}","templated":true}]}}